{"id":1087,"date":"2021-10-15T08:42:30","date_gmt":"2021-10-15T06:42:30","guid":{"rendered":"https:\/\/www.csbriceni.md\/?page_id=1087"},"modified":"2021-10-15T09:19:17","modified_gmt":"2021-10-15T07:19:17","slug":"informatii","status":"publish","type":"page","link":"https:\/\/www.csbriceni.md\/?page_id=1087","title":{"rendered":"Informa\u021bii"},"content":{"rendered":"\n<p>Doar lucr\u0103torii medicali vaccina\u021bi \u00eempotriva COVID-19 \u0219i care, ulterior s-au infectat la locul de munc\u0103 vor fi eligibili pentru indemniza\u021bia unic\u0103 \u00een m\u0103rime de 16.000 de lei<\/p>\n\n\n\n<blockquote class=\"wp-embedded-content\" data-secret=\"bJ472hfyFQ\"><a href=\"https:\/\/msmps.gov.md\/comunicare\/comunicate\/doar-lucratorii-medicali-vaccinati-impotriva-covid-19-vor-fi-eligibili-pentru-indemnizatia-unica-in-marime-de-16-000-de-lei\/\">Doar lucr\u0103torii medicali vaccina\u021bi \u00eempotriva COVID-19 \u0219i care, ulterior s-au infectat la locul de munc\u0103 vor fi eligibili pentru indemniza\u021bia unic\u0103 \u00een m\u0103rime de 16.000 de lei<\/a><\/blockquote><iframe loading=\"lazy\" class=\"wp-embedded-content\" sandbox=\"allow-scripts\" security=\"restricted\" style=\"position: absolute; clip: rect(1px, 1px, 1px, 1px);\" title=\"&#8222;Doar lucr\u0103torii medicali vaccina\u021bi \u00eempotriva COVID-19 \u0219i care, ulterior s-au infectat la locul de munc\u0103 vor fi eligibili pentru indemniza\u021bia unic\u0103 \u00een m\u0103rime de 16.000 de lei&#8221; &#8212; Ministerul S\u0103n\u0103t\u0103\u021bii\" src=\"https:\/\/msmps.gov.md\/comunicare\/comunicate\/doar-lucratorii-medicali-vaccinati-impotriva-covid-19-vor-fi-eligibili-pentru-indemnizatia-unica-in-marime-de-16-000-de-lei\/embed\/#?secret=bJ472hfyFQ\" data-secret=\"bJ472hfyFQ\" width=\"600\" height=\"338\" frameborder=\"0\" marginwidth=\"0\" marginheight=\"0\" scrolling=\"no\"><\/iframe>\n\n\n\n<blockquote class=\"wp-embedded-content\" data-secret=\"31lQkpTVG0\"><a href=\"https:\/\/msmps.gov.md\/minister\/comunicare\/buletin-informativ\/\">Buletin informativ<\/a><\/blockquote><iframe loading=\"lazy\" class=\"wp-embedded-content\" sandbox=\"allow-scripts\" security=\"restricted\" style=\"position: absolute; clip: rect(1px, 1px, 1px, 1px);\" title=\"&#8222;Buletin informativ&#8221; &#8212; Ministerul S\u0103n\u0103t\u0103\u021bii\" src=\"https:\/\/msmps.gov.md\/minister\/comunicare\/buletin-informativ\/embed\/#?secret=31lQkpTVG0\" data-secret=\"31lQkpTVG0\" width=\"600\" height=\"338\" frameborder=\"0\" marginwidth=\"0\" marginheight=\"0\" scrolling=\"no\"><\/iframe>\n\n\n\n<blockquote class=\"wp-embedded-content\" data-secret=\"bOnQpvGYte\"><a href=\"https:\/\/msmps.gov.md\/minister\/comunicare\/comunicate\/\">Comunicate<\/a><\/blockquote><iframe loading=\"lazy\" class=\"wp-embedded-content\" sandbox=\"allow-scripts\" security=\"restricted\" style=\"position: absolute; clip: rect(1px, 1px, 1px, 1px);\" title=\"&#8222;Comunicate&#8221; &#8212; Ministerul S\u0103n\u0103t\u0103\u021bii\" src=\"https:\/\/msmps.gov.md\/minister\/comunicare\/comunicate\/embed\/#?secret=bOnQpvGYte\" data-secret=\"bOnQpvGYte\" width=\"600\" height=\"338\" frameborder=\"0\" marginwidth=\"0\" marginheight=\"0\" scrolling=\"no\"><\/iframe>\n\n\n\n<blockquote class=\"wp-embedded-content\" data-secret=\"ozCFB7KJPU\"><a href=\"https:\/\/msmps.gov.md\/comunicare\/comunicate\/cnesp-noi-decizii-pentru-a-preveni-raspandirea-covid-19\/\">CNESP: noi decizii pentru a preveni r\u0103sp\u00e2ndirea COVID-19<\/a><\/blockquote><iframe loading=\"lazy\" class=\"wp-embedded-content\" sandbox=\"allow-scripts\" security=\"restricted\" style=\"position: absolute; clip: rect(1px, 1px, 1px, 1px);\" title=\"&#8222;CNESP: noi decizii pentru a preveni r\u0103sp\u00e2ndirea COVID-19&#8221; &#8212; Ministerul S\u0103n\u0103t\u0103\u021bii\" src=\"https:\/\/msmps.gov.md\/comunicare\/comunicate\/cnesp-noi-decizii-pentru-a-preveni-raspandirea-covid-19\/embed\/#?secret=ozCFB7KJPU\" data-secret=\"ozCFB7KJPU\" width=\"600\" height=\"338\" frameborder=\"0\" marginwidth=\"0\" marginheight=\"0\" scrolling=\"no\"><\/iframe>\n","protected":false},"excerpt":{"rendered":"<p>Doar lucr\u0103torii medicali vaccina\u021bi \u00eempotriva COVID-19 \u0219i care, ulterior s-au infectat la locul de munc\u0103 vor fi eligibili pentru indemniza\u021bia<\/p>\n","protected":false},"author":1,"featured_media":0,"parent":0,"menu_order":0,"comment_status":"closed","ping_status":"closed","template":"","meta":{"colormag_page_container_layout":"default_layout","colormag_page_sidebar_layout":"default_layout","pgc_sgb_lightbox_settings":"","footnotes":""},"class_list":["post-1087","page","type-page","status-publish","hentry"],"yoast_head":"<!-- This site is optimized with the Yoast SEO plugin v27.4 - https:\/\/yoast.com\/product\/yoast-seo-wordpress\/ -->\n<title>Informa\u021bii - IMSP Centrul de S\u0103n\u0103tate Briceni<\/title>\n<meta name=\"robots\" content=\"index, follow, max-snippet:-1, max-image-preview:large, max-video-preview:-1\" \/>\n<link rel=\"canonical\" href=\"https:\/\/www.csbriceni.md\/?page_id=1087\" \/>\n<meta property=\"og:locale\" content=\"ro_RO\" \/>\n<meta property=\"og:type\" content=\"article\" \/>\n<meta property=\"og:title\" content=\"Informa\u021bii - IMSP Centrul de S\u0103n\u0103tate Briceni\" \/>\n<meta property=\"og:description\" content=\"Doar lucr\u0103torii medicali vaccina\u021bi \u00eempotriva COVID-19 \u0219i care, ulterior s-au infectat la locul de munc\u0103 vor fi eligibili pentru indemniza\u021bia\" \/>\n<meta property=\"og:url\" content=\"https:\/\/www.csbriceni.md\/?page_id=1087\" \/>\n<meta property=\"og:site_name\" content=\"IMSP Centrul de S\u0103n\u0103tate Briceni\" \/>\n<meta property=\"article:modified_time\" content=\"2021-10-15T07:19:17+00:00\" \/>\n<meta name=\"twitter:card\" content=\"summary_large_image\" \/>\n<script type=\"application\/ld+json\" class=\"yoast-schema-graph\">{\"@context\":\"https:\\\/\\\/schema.org\",\"@graph\":[{\"@type\":\"WebPage\",\"@id\":\"https:\\\/\\\/www.csbriceni.md\\\/?page_id=1087\",\"url\":\"https:\\\/\\\/www.csbriceni.md\\\/?page_id=1087\",\"name\":\"Informa\u021bii - IMSP Centrul de S\u0103n\u0103tate Briceni\",\"isPartOf\":{\"@id\":\"https:\\\/\\\/www.csbriceni.md\\\/#website\"},\"datePublished\":\"2021-10-15T06:42:30+00:00\",\"dateModified\":\"2021-10-15T07:19:17+00:00\",\"breadcrumb\":{\"@id\":\"https:\\\/\\\/www.csbriceni.md\\\/?page_id=1087#breadcrumb\"},\"inLanguage\":\"ro-RO\",\"potentialAction\":[{\"@type\":\"ReadAction\",\"target\":[\"https:\\\/\\\/www.csbriceni.md\\\/?page_id=1087\"]}]},{\"@type\":\"BreadcrumbList\",\"@id\":\"https:\\\/\\\/www.csbriceni.md\\\/?page_id=1087#breadcrumb\",\"itemListElement\":[{\"@type\":\"ListItem\",\"position\":1,\"name\":\"Prima pagin\u0103\",\"item\":\"https:\\\/\\\/www.csbriceni.md\\\/\"},{\"@type\":\"ListItem\",\"position\":2,\"name\":\"Informa\u021bii\"}]},{\"@type\":\"WebSite\",\"@id\":\"https:\\\/\\\/www.csbriceni.md\\\/#website\",\"url\":\"https:\\\/\\\/www.csbriceni.md\\\/\",\"name\":\"IMSP Centrul de S\u0103n\u0103tate Briceni\",\"description\":\"Bine a\u021bi venit pe pagina oficial\u0103 a Centrului de S\u0103n\u0103tate Briceni\",\"potentialAction\":[{\"@type\":\"SearchAction\",\"target\":{\"@type\":\"EntryPoint\",\"urlTemplate\":\"https:\\\/\\\/www.csbriceni.md\\\/?s={search_term_string}\"},\"query-input\":{\"@type\":\"PropertyValueSpecification\",\"valueRequired\":true,\"valueName\":\"search_term_string\"}}],\"inLanguage\":\"ro-RO\"}]}<\/script>\n<!-- \/ Yoast SEO plugin. -->","yoast_head_json":{"title":"Informa\u021bii - IMSP Centrul de S\u0103n\u0103tate Briceni","robots":{"index":"index","follow":"follow","max-snippet":"max-snippet:-1","max-image-preview":"max-image-preview:large","max-video-preview":"max-video-preview:-1"},"canonical":"https:\/\/www.csbriceni.md\/?page_id=1087","og_locale":"ro_RO","og_type":"article","og_title":"Informa\u021bii - IMSP Centrul de S\u0103n\u0103tate Briceni","og_description":"Doar lucr\u0103torii medicali vaccina\u021bi \u00eempotriva COVID-19 \u0219i care, ulterior s-au infectat la locul de munc\u0103 vor fi eligibili pentru indemniza\u021bia","og_url":"https:\/\/www.csbriceni.md\/?page_id=1087","og_site_name":"IMSP Centrul de S\u0103n\u0103tate Briceni","article_modified_time":"2021-10-15T07:19:17+00:00","twitter_card":"summary_large_image","schema":{"@context":"https:\/\/schema.org","@graph":[{"@type":"WebPage","@id":"https:\/\/www.csbriceni.md\/?page_id=1087","url":"https:\/\/www.csbriceni.md\/?page_id=1087","name":"Informa\u021bii - IMSP Centrul de S\u0103n\u0103tate Briceni","isPartOf":{"@id":"https:\/\/www.csbriceni.md\/#website"},"datePublished":"2021-10-15T06:42:30+00:00","dateModified":"2021-10-15T07:19:17+00:00","breadcrumb":{"@id":"https:\/\/www.csbriceni.md\/?page_id=1087#breadcrumb"},"inLanguage":"ro-RO","potentialAction":[{"@type":"ReadAction","target":["https:\/\/www.csbriceni.md\/?page_id=1087"]}]},{"@type":"BreadcrumbList","@id":"https:\/\/www.csbriceni.md\/?page_id=1087#breadcrumb","itemListElement":[{"@type":"ListItem","position":1,"name":"Prima pagin\u0103","item":"https:\/\/www.csbriceni.md\/"},{"@type":"ListItem","position":2,"name":"Informa\u021bii"}]},{"@type":"WebSite","@id":"https:\/\/www.csbriceni.md\/#website","url":"https:\/\/www.csbriceni.md\/","name":"IMSP Centrul de S\u0103n\u0103tate Briceni","description":"Bine a\u021bi venit pe pagina oficial\u0103 a Centrului de S\u0103n\u0103tate Briceni","potentialAction":[{"@type":"SearchAction","target":{"@type":"EntryPoint","urlTemplate":"https:\/\/www.csbriceni.md\/?s={search_term_string}"},"query-input":{"@type":"PropertyValueSpecification","valueRequired":true,"valueName":"search_term_string"}}],"inLanguage":"ro-RO"}]}},"_links":{"self":[{"href":"https:\/\/www.csbriceni.md\/index.php?rest_route=\/wp\/v2\/pages\/1087","targetHints":{"allow":["GET"]}}],"collection":[{"href":"https:\/\/www.csbriceni.md\/index.php?rest_route=\/wp\/v2\/pages"}],"about":[{"href":"https:\/\/www.csbriceni.md\/index.php?rest_route=\/wp\/v2\/types\/page"}],"author":[{"embeddable":true,"href":"https:\/\/www.csbriceni.md\/index.php?rest_route=\/wp\/v2\/users\/1"}],"replies":[{"embeddable":true,"href":"https:\/\/www.csbriceni.md\/index.php?rest_route=%2Fwp%2Fv2%2Fcomments&post=1087"}],"version-history":[{"count":5,"href":"https:\/\/www.csbriceni.md\/index.php?rest_route=\/wp\/v2\/pages\/1087\/revisions"}],"predecessor-version":[{"id":1391,"href":"https:\/\/www.csbriceni.md\/index.php?rest_route=\/wp\/v2\/pages\/1087\/revisions\/1391"}],"wp:attachment":[{"href":"https:\/\/www.csbriceni.md\/index.php?rest_route=%2Fwp%2Fv2%2Fmedia&parent=1087"}],"curies":[{"name":"wp","href":"https:\/\/api.w.org\/{rel}","templated":true}]}}