{"id":209,"date":"2021-02-02T13:21:02","date_gmt":"2021-02-02T13:21:02","guid":{"rendered":"https:\/\/csbriceni.md\/?page_id=209"},"modified":"2026-03-04T11:40:56","modified_gmt":"2026-03-04T09:40:56","slug":"organigrama","status":"publish","type":"page","link":"https:\/\/www.csbriceni.md\/?page_id=209","title":{"rendered":"Organigrama"},"content":{"rendered":"\n<figure class=\"wp-block-image size-large\"><img loading=\"lazy\" decoding=\"async\" width=\"1024\" height=\"735\" src=\"https:\/\/www.csbriceni.md\/wp-content\/uploads\/2026\/03\/Screenshot-2026-03-04-110522-1024x735.png\" alt=\"\" class=\"wp-image-2235\" srcset=\"https:\/\/www.csbriceni.md\/wp-content\/uploads\/2026\/03\/Screenshot-2026-03-04-110522-1024x735.png 1024w, https:\/\/www.csbriceni.md\/wp-content\/uploads\/2026\/03\/Screenshot-2026-03-04-110522-300x215.png 300w, https:\/\/www.csbriceni.md\/wp-content\/uploads\/2026\/03\/Screenshot-2026-03-04-110522-768x551.png 768w, https:\/\/www.csbriceni.md\/wp-content\/uploads\/2026\/03\/Screenshot-2026-03-04-110522.png 1206w\" sizes=\"auto, (max-width: 1024px) 100vw, 1024px\" \/><\/figure>\n","protected":false},"excerpt":{"rendered":"","protected":false},"author":1,"featured_media":0,"parent":0,"menu_order":0,"comment_status":"closed","ping_status":"closed","template":"","meta":{"colormag_page_container_layout":"default_layout","colormag_page_sidebar_layout":"default_layout","pgc_sgb_lightbox_settings":"","footnotes":""},"class_list":["post-209","page","type-page","status-publish","hentry"],"yoast_head":"<!-- This site is optimized with the Yoast SEO plugin v27.4 - https:\/\/yoast.com\/product\/yoast-seo-wordpress\/ -->\n<title>Organigrama - IMSP Centrul de S\u0103n\u0103tate Briceni<\/title>\n<meta name=\"robots\" content=\"index, follow, max-snippet:-1, max-image-preview:large, max-video-preview:-1\" \/>\n<link rel=\"canonical\" href=\"https:\/\/www.csbriceni.md\/?page_id=209\" \/>\n<meta property=\"og:locale\" content=\"ro_RO\" \/>\n<meta property=\"og:type\" content=\"article\" \/>\n<meta property=\"og:title\" content=\"Organigrama - IMSP Centrul de S\u0103n\u0103tate Briceni\" \/>\n<meta property=\"og:url\" content=\"https:\/\/www.csbriceni.md\/?page_id=209\" \/>\n<meta property=\"og:site_name\" content=\"IMSP Centrul de S\u0103n\u0103tate Briceni\" \/>\n<meta property=\"article:modified_time\" content=\"2026-03-04T09:40:56+00:00\" \/>\n<meta property=\"og:image\" content=\"https:\/\/www.csbriceni.md\/wp-content\/uploads\/2026\/03\/Screenshot-2026-03-04-110522.png\" \/>\n\t<meta property=\"og:image:width\" content=\"1206\" \/>\n\t<meta property=\"og:image:height\" content=\"866\" \/>\n\t<meta property=\"og:image:type\" content=\"image\/png\" \/>\n<meta name=\"twitter:card\" content=\"summary_large_image\" \/>\n<meta name=\"twitter:label1\" content=\"Timp estimat pentru citire\" \/>\n\t<meta name=\"twitter:data1\" content=\"1 minut\" \/>\n<script type=\"application\/ld+json\" class=\"yoast-schema-graph\">{\"@context\":\"https:\\\/\\\/schema.org\",\"@graph\":[{\"@type\":\"WebPage\",\"@id\":\"https:\\\/\\\/www.csbriceni.md\\\/?page_id=209\",\"url\":\"https:\\\/\\\/www.csbriceni.md\\\/?page_id=209\",\"name\":\"Organigrama - IMSP Centrul de S\u0103n\u0103tate Briceni\",\"isPartOf\":{\"@id\":\"https:\\\/\\\/www.csbriceni.md\\\/#website\"},\"primaryImageOfPage\":{\"@id\":\"https:\\\/\\\/www.csbriceni.md\\\/?page_id=209#primaryimage\"},\"image\":{\"@id\":\"https:\\\/\\\/www.csbriceni.md\\\/?page_id=209#primaryimage\"},\"thumbnailUrl\":\"https:\\\/\\\/www.csbriceni.md\\\/wp-content\\\/uploads\\\/2026\\\/03\\\/Screenshot-2026-03-04-110522-1024x735.png\",\"datePublished\":\"2021-02-02T13:21:02+00:00\",\"dateModified\":\"2026-03-04T09:40:56+00:00\",\"breadcrumb\":{\"@id\":\"https:\\\/\\\/www.csbriceni.md\\\/?page_id=209#breadcrumb\"},\"inLanguage\":\"ro-RO\",\"potentialAction\":[{\"@type\":\"ReadAction\",\"target\":[\"https:\\\/\\\/www.csbriceni.md\\\/?page_id=209\"]}]},{\"@type\":\"ImageObject\",\"inLanguage\":\"ro-RO\",\"@id\":\"https:\\\/\\\/www.csbriceni.md\\\/?page_id=209#primaryimage\",\"url\":\"https:\\\/\\\/www.csbriceni.md\\\/wp-content\\\/uploads\\\/2026\\\/03\\\/Screenshot-2026-03-04-110522.png\",\"contentUrl\":\"https:\\\/\\\/www.csbriceni.md\\\/wp-content\\\/uploads\\\/2026\\\/03\\\/Screenshot-2026-03-04-110522.png\",\"width\":1206,\"height\":866},{\"@type\":\"BreadcrumbList\",\"@id\":\"https:\\\/\\\/www.csbriceni.md\\\/?page_id=209#breadcrumb\",\"itemListElement\":[{\"@type\":\"ListItem\",\"position\":1,\"name\":\"Prima pagin\u0103\",\"item\":\"https:\\\/\\\/www.csbriceni.md\\\/\"},{\"@type\":\"ListItem\",\"position\":2,\"name\":\"Organigrama\"}]},{\"@type\":\"WebSite\",\"@id\":\"https:\\\/\\\/www.csbriceni.md\\\/#website\",\"url\":\"https:\\\/\\\/www.csbriceni.md\\\/\",\"name\":\"IMSP Centrul de S\u0103n\u0103tate Briceni\",\"description\":\"Bine a\u021bi venit pe pagina oficial\u0103 a Centrului de S\u0103n\u0103tate Briceni\",\"potentialAction\":[{\"@type\":\"SearchAction\",\"target\":{\"@type\":\"EntryPoint\",\"urlTemplate\":\"https:\\\/\\\/www.csbriceni.md\\\/?s={search_term_string}\"},\"query-input\":{\"@type\":\"PropertyValueSpecification\",\"valueRequired\":true,\"valueName\":\"search_term_string\"}}],\"inLanguage\":\"ro-RO\"}]}<\/script>\n<!-- \/ Yoast SEO plugin. -->","yoast_head_json":{"title":"Organigrama - IMSP Centrul de S\u0103n\u0103tate Briceni","robots":{"index":"index","follow":"follow","max-snippet":"max-snippet:-1","max-image-preview":"max-image-preview:large","max-video-preview":"max-video-preview:-1"},"canonical":"https:\/\/www.csbriceni.md\/?page_id=209","og_locale":"ro_RO","og_type":"article","og_title":"Organigrama - IMSP Centrul de S\u0103n\u0103tate Briceni","og_url":"https:\/\/www.csbriceni.md\/?page_id=209","og_site_name":"IMSP Centrul de S\u0103n\u0103tate Briceni","article_modified_time":"2026-03-04T09:40:56+00:00","og_image":[{"width":1206,"height":866,"url":"https:\/\/www.csbriceni.md\/wp-content\/uploads\/2026\/03\/Screenshot-2026-03-04-110522.png","type":"image\/png"}],"twitter_card":"summary_large_image","twitter_misc":{"Timp estimat pentru citire":"1 minut"},"schema":{"@context":"https:\/\/schema.org","@graph":[{"@type":"WebPage","@id":"https:\/\/www.csbriceni.md\/?page_id=209","url":"https:\/\/www.csbriceni.md\/?page_id=209","name":"Organigrama - IMSP Centrul de S\u0103n\u0103tate Briceni","isPartOf":{"@id":"https:\/\/www.csbriceni.md\/#website"},"primaryImageOfPage":{"@id":"https:\/\/www.csbriceni.md\/?page_id=209#primaryimage"},"image":{"@id":"https:\/\/www.csbriceni.md\/?page_id=209#primaryimage"},"thumbnailUrl":"https:\/\/www.csbriceni.md\/wp-content\/uploads\/2026\/03\/Screenshot-2026-03-04-110522-1024x735.png","datePublished":"2021-02-02T13:21:02+00:00","dateModified":"2026-03-04T09:40:56+00:00","breadcrumb":{"@id":"https:\/\/www.csbriceni.md\/?page_id=209#breadcrumb"},"inLanguage":"ro-RO","potentialAction":[{"@type":"ReadAction","target":["https:\/\/www.csbriceni.md\/?page_id=209"]}]},{"@type":"ImageObject","inLanguage":"ro-RO","@id":"https:\/\/www.csbriceni.md\/?page_id=209#primaryimage","url":"https:\/\/www.csbriceni.md\/wp-content\/uploads\/2026\/03\/Screenshot-2026-03-04-110522.png","contentUrl":"https:\/\/www.csbriceni.md\/wp-content\/uploads\/2026\/03\/Screenshot-2026-03-04-110522.png","width":1206,"height":866},{"@type":"BreadcrumbList","@id":"https:\/\/www.csbriceni.md\/?page_id=209#breadcrumb","itemListElement":[{"@type":"ListItem","position":1,"name":"Prima pagin\u0103","item":"https:\/\/www.csbriceni.md\/"},{"@type":"ListItem","position":2,"name":"Organigrama"}]},{"@type":"WebSite","@id":"https:\/\/www.csbriceni.md\/#website","url":"https:\/\/www.csbriceni.md\/","name":"IMSP Centrul de S\u0103n\u0103tate Briceni","description":"Bine a\u021bi venit pe pagina oficial\u0103 a Centrului de S\u0103n\u0103tate Briceni","potentialAction":[{"@type":"SearchAction","target":{"@type":"EntryPoint","urlTemplate":"https:\/\/www.csbriceni.md\/?s={search_term_string}"},"query-input":{"@type":"PropertyValueSpecification","valueRequired":true,"valueName":"search_term_string"}}],"inLanguage":"ro-RO"}]}},"_links":{"self":[{"href":"https:\/\/www.csbriceni.md\/index.php?rest_route=\/wp\/v2\/pages\/209","targetHints":{"allow":["GET"]}}],"collection":[{"href":"https:\/\/www.csbriceni.md\/index.php?rest_route=\/wp\/v2\/pages"}],"about":[{"href":"https:\/\/www.csbriceni.md\/index.php?rest_route=\/wp\/v2\/types\/page"}],"author":[{"embeddable":true,"href":"https:\/\/www.csbriceni.md\/index.php?rest_route=\/wp\/v2\/users\/1"}],"replies":[{"embeddable":true,"href":"https:\/\/www.csbriceni.md\/index.php?rest_route=%2Fwp%2Fv2%2Fcomments&post=209"}],"version-history":[{"count":6,"href":"https:\/\/www.csbriceni.md\/index.php?rest_route=\/wp\/v2\/pages\/209\/revisions"}],"predecessor-version":[{"id":2236,"href":"https:\/\/www.csbriceni.md\/index.php?rest_route=\/wp\/v2\/pages\/209\/revisions\/2236"}],"wp:attachment":[{"href":"https:\/\/www.csbriceni.md\/index.php?rest_route=%2Fwp%2Fv2%2Fmedia&parent=209"}],"curies":[{"name":"wp","href":"https:\/\/api.w.org\/{rel}","templated":true}]}}