{"id":230,"date":"2021-02-03T06:49:58","date_gmt":"2021-02-03T06:49:58","guid":{"rendered":"https:\/\/csbriceni.md\/?page_id=230"},"modified":"2021-10-15T07:48:05","modified_gmt":"2021-10-15T05:48:05","slug":"conducerea","status":"publish","type":"page","link":"https:\/\/www.csbriceni.md\/?page_id=230","title":{"rendered":"Conducerea"},"content":{"rendered":"\n<div class=\"wp-block-media-text alignwide is-stacked-on-mobile\" style=\"grid-template-columns:27% auto\"><figure class=\"wp-block-media-text__media\"><img loading=\"lazy\" decoding=\"async\" width=\"350\" height=\"232\" src=\"https:\/\/www.csbriceni.md\/wp-content\/uploads\/2021\/02\/conducere.jpg\" alt=\"\" class=\"wp-image-432 size-full\" srcset=\"https:\/\/www.csbriceni.md\/wp-content\/uploads\/2021\/02\/conducere.jpg 350w, https:\/\/www.csbriceni.md\/wp-content\/uploads\/2021\/02\/conducere-300x199.jpg 300w\" sizes=\"auto, (max-width: 350px) 100vw, 350px\" \/><\/figure><div class=\"wp-block-media-text__content\">\n<p style=\"font-size:30px\"><span style=\"color:#0d440f\" class=\"has-inline-color\"><strong>Personal de conducere<\/strong><\/span><\/p>\n\n\n\n<p class=\"has-black-color has-cyan-bluish-gray-background-color has-text-color has-background\" style=\"font-size:22px\"> <strong>G\u00ceNCUL DUMITRU &#8211; <\/strong>\u015eef  Centrul de S\u0103n\u0103tate Briceni <\/p>\n\n\n\n<p class=\"has-black-color has-cyan-bluish-gray-background-color has-text-color has-background has-medium-font-size\"><strong>SEMENIUC VLADIMIR &#8211; <\/strong>\u015eef adjunct Centrul de S\u0103n\u0103tate Briceni<\/p>\n<\/div><\/div>\n\n\n\n<p><\/p>\n","protected":false},"excerpt":{"rendered":"<p>Personal de conducere G\u00ceNCUL DUMITRU &#8211; \u015eef Centrul de S\u0103n\u0103tate Briceni SEMENIUC VLADIMIR &#8211; \u015eef adjunct Centrul de S\u0103n\u0103tate Briceni<\/p>\n","protected":false},"author":1,"featured_media":0,"parent":0,"menu_order":0,"comment_status":"closed","ping_status":"closed","template":"","meta":{"colormag_page_container_layout":"default_layout","colormag_page_sidebar_layout":"default_layout","pgc_sgb_lightbox_settings":"","footnotes":""},"class_list":["post-230","page","type-page","status-publish","hentry"],"yoast_head":"<!-- This site is optimized with the Yoast SEO plugin v27.2 - https:\/\/yoast.com\/product\/yoast-seo-wordpress\/ -->\n<title>Conducerea - IMSP Centrul de S\u0103n\u0103tate Briceni<\/title>\n<meta name=\"robots\" content=\"index, follow, max-snippet:-1, max-image-preview:large, max-video-preview:-1\" \/>\n<link rel=\"canonical\" href=\"https:\/\/www.csbriceni.md\/?page_id=230\" \/>\n<meta property=\"og:locale\" content=\"ro_RO\" \/>\n<meta property=\"og:type\" content=\"article\" \/>\n<meta property=\"og:title\" content=\"Conducerea - IMSP Centrul de S\u0103n\u0103tate Briceni\" \/>\n<meta property=\"og:description\" content=\"Personal de conducere G\u00ceNCUL DUMITRU &#8211; \u015eef Centrul de S\u0103n\u0103tate Briceni SEMENIUC VLADIMIR &#8211; \u015eef adjunct Centrul de S\u0103n\u0103tate Briceni\" \/>\n<meta property=\"og:url\" content=\"https:\/\/www.csbriceni.md\/?page_id=230\" \/>\n<meta property=\"og:site_name\" content=\"IMSP Centrul de S\u0103n\u0103tate Briceni\" \/>\n<meta property=\"article:modified_time\" content=\"2021-10-15T05:48:05+00:00\" \/>\n<meta property=\"og:image\" content=\"https:\/\/www.csbriceni.md\/wp-content\/uploads\/2021\/02\/conducere.jpg\" \/>\n<meta name=\"twitter:card\" content=\"summary_large_image\" \/>\n<script type=\"application\/ld+json\" class=\"yoast-schema-graph\">{\"@context\":\"https:\/\/schema.org\",\"@graph\":[{\"@type\":\"WebPage\",\"@id\":\"https:\/\/www.csbriceni.md\/?page_id=230\",\"url\":\"https:\/\/www.csbriceni.md\/?page_id=230\",\"name\":\"Conducerea - IMSP Centrul de S\u0103n\u0103tate Briceni\",\"isPartOf\":{\"@id\":\"https:\/\/www.csbriceni.md\/#website\"},\"primaryImageOfPage\":{\"@id\":\"https:\/\/www.csbriceni.md\/?page_id=230#primaryimage\"},\"image\":{\"@id\":\"https:\/\/www.csbriceni.md\/?page_id=230#primaryimage\"},\"thumbnailUrl\":\"https:\/\/www.csbriceni.md\/wp-content\/uploads\/2021\/02\/conducere.jpg\",\"datePublished\":\"2021-02-03T06:49:58+00:00\",\"dateModified\":\"2021-10-15T05:48:05+00:00\",\"breadcrumb\":{\"@id\":\"https:\/\/www.csbriceni.md\/?page_id=230#breadcrumb\"},\"inLanguage\":\"ro-RO\",\"potentialAction\":[{\"@type\":\"ReadAction\",\"target\":[\"https:\/\/www.csbriceni.md\/?page_id=230\"]}]},{\"@type\":\"ImageObject\",\"inLanguage\":\"ro-RO\",\"@id\":\"https:\/\/www.csbriceni.md\/?page_id=230#primaryimage\",\"url\":\"https:\/\/www.csbriceni.md\/wp-content\/uploads\/2021\/02\/conducere.jpg\",\"contentUrl\":\"https:\/\/www.csbriceni.md\/wp-content\/uploads\/2021\/02\/conducere.jpg\",\"width\":350,\"height\":232},{\"@type\":\"BreadcrumbList\",\"@id\":\"https:\/\/www.csbriceni.md\/?page_id=230#breadcrumb\",\"itemListElement\":[{\"@type\":\"ListItem\",\"position\":1,\"name\":\"Prima pagin\u0103\",\"item\":\"https:\/\/www.csbriceni.md\/\"},{\"@type\":\"ListItem\",\"position\":2,\"name\":\"Conducerea\"}]},{\"@type\":\"WebSite\",\"@id\":\"https:\/\/www.csbriceni.md\/#website\",\"url\":\"https:\/\/www.csbriceni.md\/\",\"name\":\"IMSP Centrul de S\u0103n\u0103tate Briceni\",\"description\":\"Bine a\u021bi venit pe pagina oficial\u0103 a Centrului de S\u0103n\u0103tate Briceni\",\"potentialAction\":[{\"@type\":\"SearchAction\",\"target\":{\"@type\":\"EntryPoint\",\"urlTemplate\":\"https:\/\/www.csbriceni.md\/?s={search_term_string}\"},\"query-input\":{\"@type\":\"PropertyValueSpecification\",\"valueRequired\":true,\"valueName\":\"search_term_string\"}}],\"inLanguage\":\"ro-RO\"}]}<\/script>\n<!-- \/ Yoast SEO plugin. -->","yoast_head_json":{"title":"Conducerea - IMSP Centrul de S\u0103n\u0103tate Briceni","robots":{"index":"index","follow":"follow","max-snippet":"max-snippet:-1","max-image-preview":"max-image-preview:large","max-video-preview":"max-video-preview:-1"},"canonical":"https:\/\/www.csbriceni.md\/?page_id=230","og_locale":"ro_RO","og_type":"article","og_title":"Conducerea - IMSP Centrul de S\u0103n\u0103tate Briceni","og_description":"Personal de conducere G\u00ceNCUL DUMITRU &#8211; \u015eef Centrul de S\u0103n\u0103tate Briceni SEMENIUC VLADIMIR &#8211; \u015eef adjunct Centrul de S\u0103n\u0103tate Briceni","og_url":"https:\/\/www.csbriceni.md\/?page_id=230","og_site_name":"IMSP Centrul de S\u0103n\u0103tate Briceni","article_modified_time":"2021-10-15T05:48:05+00:00","og_image":[{"url":"https:\/\/www.csbriceni.md\/wp-content\/uploads\/2021\/02\/conducere.jpg","type":"","width":"","height":""}],"twitter_card":"summary_large_image","schema":{"@context":"https:\/\/schema.org","@graph":[{"@type":"WebPage","@id":"https:\/\/www.csbriceni.md\/?page_id=230","url":"https:\/\/www.csbriceni.md\/?page_id=230","name":"Conducerea - IMSP Centrul de S\u0103n\u0103tate Briceni","isPartOf":{"@id":"https:\/\/www.csbriceni.md\/#website"},"primaryImageOfPage":{"@id":"https:\/\/www.csbriceni.md\/?page_id=230#primaryimage"},"image":{"@id":"https:\/\/www.csbriceni.md\/?page_id=230#primaryimage"},"thumbnailUrl":"https:\/\/www.csbriceni.md\/wp-content\/uploads\/2021\/02\/conducere.jpg","datePublished":"2021-02-03T06:49:58+00:00","dateModified":"2021-10-15T05:48:05+00:00","breadcrumb":{"@id":"https:\/\/www.csbriceni.md\/?page_id=230#breadcrumb"},"inLanguage":"ro-RO","potentialAction":[{"@type":"ReadAction","target":["https:\/\/www.csbriceni.md\/?page_id=230"]}]},{"@type":"ImageObject","inLanguage":"ro-RO","@id":"https:\/\/www.csbriceni.md\/?page_id=230#primaryimage","url":"https:\/\/www.csbriceni.md\/wp-content\/uploads\/2021\/02\/conducere.jpg","contentUrl":"https:\/\/www.csbriceni.md\/wp-content\/uploads\/2021\/02\/conducere.jpg","width":350,"height":232},{"@type":"BreadcrumbList","@id":"https:\/\/www.csbriceni.md\/?page_id=230#breadcrumb","itemListElement":[{"@type":"ListItem","position":1,"name":"Prima pagin\u0103","item":"https:\/\/www.csbriceni.md\/"},{"@type":"ListItem","position":2,"name":"Conducerea"}]},{"@type":"WebSite","@id":"https:\/\/www.csbriceni.md\/#website","url":"https:\/\/www.csbriceni.md\/","name":"IMSP Centrul de S\u0103n\u0103tate Briceni","description":"Bine a\u021bi venit pe pagina oficial\u0103 a Centrului de S\u0103n\u0103tate Briceni","potentialAction":[{"@type":"SearchAction","target":{"@type":"EntryPoint","urlTemplate":"https:\/\/www.csbriceni.md\/?s={search_term_string}"},"query-input":{"@type":"PropertyValueSpecification","valueRequired":true,"valueName":"search_term_string"}}],"inLanguage":"ro-RO"}]}},"_links":{"self":[{"href":"https:\/\/www.csbriceni.md\/index.php?rest_route=\/wp\/v2\/pages\/230","targetHints":{"allow":["GET"]}}],"collection":[{"href":"https:\/\/www.csbriceni.md\/index.php?rest_route=\/wp\/v2\/pages"}],"about":[{"href":"https:\/\/www.csbriceni.md\/index.php?rest_route=\/wp\/v2\/types\/page"}],"author":[{"embeddable":true,"href":"https:\/\/www.csbriceni.md\/index.php?rest_route=\/wp\/v2\/users\/1"}],"replies":[{"embeddable":true,"href":"https:\/\/www.csbriceni.md\/index.php?rest_route=%2Fwp%2Fv2%2Fcomments&post=230"}],"version-history":[{"count":11,"href":"https:\/\/www.csbriceni.md\/index.php?rest_route=\/wp\/v2\/pages\/230\/revisions"}],"predecessor-version":[{"id":1426,"href":"https:\/\/www.csbriceni.md\/index.php?rest_route=\/wp\/v2\/pages\/230\/revisions\/1426"}],"wp:attachment":[{"href":"https:\/\/www.csbriceni.md\/index.php?rest_route=%2Fwp%2Fv2%2Fmedia&parent=230"}],"curies":[{"name":"wp","href":"https:\/\/api.w.org\/{rel}","templated":true}]}}