{"id":233,"date":"2021-02-03T06:50:23","date_gmt":"2021-02-03T06:50:23","guid":{"rendered":"https:\/\/csbriceni.md\/?page_id=233"},"modified":"2023-07-10T14:22:25","modified_gmt":"2023-07-10T12:22:25","slug":"regulamentul-institutiei","status":"publish","type":"page","link":"https:\/\/www.csbriceni.md\/?page_id=233","title":{"rendered":"Regulamentele Institu\u021biei"},"content":{"rendered":"\n<div class=\"wp-block-file\"><a id=\"wp-block-file--media-8b5d1e86-0ca3-482a-b3e2-d8602c9c0581\" href=\"https:\/\/www.csbriceni.md\/wp-content\/uploads\/2023\/07\/Comitet-bioetica-Regulament-1.pdf\">Comitet-bioetica-Regulament-1<\/a><a href=\"https:\/\/www.csbriceni.md\/wp-content\/uploads\/2023\/07\/Comitet-bioetica-Regulament-1.pdf\" class=\"wp-block-file__button wp-element-button\" download aria-describedby=\"wp-block-file--media-8b5d1e86-0ca3-482a-b3e2-d8602c9c0581\">Descarc\u0103<\/a><\/div>\n\n\n\n<div class=\"wp-block-file\"><a id=\"wp-block-file--media-dc09531f-d4b2-4c0b-8423-0e52ec4fb789\" href=\"https:\/\/www.csbriceni.md\/wp-content\/uploads\/2023\/07\/Regulament-depunerea-petitiilor-1.pdf\">Regulament-depunerea-petitiilor-1<\/a><a href=\"https:\/\/www.csbriceni.md\/wp-content\/uploads\/2023\/07\/Regulament-depunerea-petitiilor-1.pdf\" class=\"wp-block-file__button wp-element-button\" download aria-describedby=\"wp-block-file--media-dc09531f-d4b2-4c0b-8423-0e52ec4fb789\">Descarc\u0103<\/a><\/div>\n\n\n\n<div class=\"wp-block-file\"><a id=\"wp-block-file--media-5f5fe7f8-b4d3-443f-997b-68e7be3749ae\" href=\"https:\/\/www.csbriceni.md\/wp-content\/uploads\/2023\/07\/Declaratie-manageriala-pentru-anul-2022-1.pdf\">Declaratie-manageriala-pentru-anul-2022-1<\/a><a href=\"https:\/\/www.csbriceni.md\/wp-content\/uploads\/2023\/07\/Declaratie-manageriala-pentru-anul-2022-1.pdf\" class=\"wp-block-file__button wp-element-button\" download aria-describedby=\"wp-block-file--media-5f5fe7f8-b4d3-443f-997b-68e7be3749ae\">Descarc\u0103<\/a><\/div>\n\n\n\n<div class=\"wp-block-file\"><a id=\"wp-block-file--media-812e7e48-badf-4943-bf47-e9c1d534d63b\" href=\"https:\/\/www.csbriceni.md\/wp-content\/uploads\/2023\/07\/OrdinRegulament-furnizarea-docinformatii-oficiale-1.pdf\">OrdinRegulament-furnizarea-docinformatii-oficiale-1<\/a><a href=\"https:\/\/www.csbriceni.md\/wp-content\/uploads\/2023\/07\/OrdinRegulament-furnizarea-docinformatii-oficiale-1.pdf\" class=\"wp-block-file__button wp-element-button\" download aria-describedby=\"wp-block-file--media-812e7e48-badf-4943-bf47-e9c1d534d63b\">Descarc\u0103<\/a><\/div>\n","protected":false},"excerpt":{"rendered":"","protected":false},"author":1,"featured_media":0,"parent":0,"menu_order":0,"comment_status":"closed","ping_status":"closed","template":"","meta":{"colormag_page_container_layout":"default_layout","colormag_page_sidebar_layout":"default_layout","pgc_sgb_lightbox_settings":"","footnotes":""},"class_list":["post-233","page","type-page","status-publish","hentry"],"yoast_head":"<!-- This site is optimized with the Yoast SEO plugin v27.4 - https:\/\/yoast.com\/product\/yoast-seo-wordpress\/ -->\n<title>Regulamentele Institu\u021biei - IMSP Centrul de S\u0103n\u0103tate Briceni<\/title>\n<meta name=\"robots\" content=\"index, follow, max-snippet:-1, max-image-preview:large, max-video-preview:-1\" \/>\n<link rel=\"canonical\" href=\"https:\/\/www.csbriceni.md\/?page_id=233\" \/>\n<meta property=\"og:locale\" content=\"ro_RO\" \/>\n<meta property=\"og:type\" content=\"article\" \/>\n<meta property=\"og:title\" content=\"Regulamentele Institu\u021biei - IMSP Centrul de S\u0103n\u0103tate Briceni\" \/>\n<meta property=\"og:url\" content=\"https:\/\/www.csbriceni.md\/?page_id=233\" \/>\n<meta property=\"og:site_name\" content=\"IMSP Centrul de S\u0103n\u0103tate Briceni\" \/>\n<meta property=\"article:modified_time\" content=\"2023-07-10T12:22:25+00:00\" \/>\n<meta name=\"twitter:card\" content=\"summary_large_image\" \/>\n<script type=\"application\/ld+json\" class=\"yoast-schema-graph\">{\"@context\":\"https:\\\/\\\/schema.org\",\"@graph\":[{\"@type\":\"WebPage\",\"@id\":\"https:\\\/\\\/www.csbriceni.md\\\/?page_id=233\",\"url\":\"https:\\\/\\\/www.csbriceni.md\\\/?page_id=233\",\"name\":\"Regulamentele Institu\u021biei - IMSP Centrul de S\u0103n\u0103tate Briceni\",\"isPartOf\":{\"@id\":\"https:\\\/\\\/www.csbriceni.md\\\/#website\"},\"datePublished\":\"2021-02-03T06:50:23+00:00\",\"dateModified\":\"2023-07-10T12:22:25+00:00\",\"breadcrumb\":{\"@id\":\"https:\\\/\\\/www.csbriceni.md\\\/?page_id=233#breadcrumb\"},\"inLanguage\":\"ro-RO\",\"potentialAction\":[{\"@type\":\"ReadAction\",\"target\":[\"https:\\\/\\\/www.csbriceni.md\\\/?page_id=233\"]}]},{\"@type\":\"BreadcrumbList\",\"@id\":\"https:\\\/\\\/www.csbriceni.md\\\/?page_id=233#breadcrumb\",\"itemListElement\":[{\"@type\":\"ListItem\",\"position\":1,\"name\":\"Prima pagin\u0103\",\"item\":\"https:\\\/\\\/www.csbriceni.md\\\/\"},{\"@type\":\"ListItem\",\"position\":2,\"name\":\"Regulamentele Institu\u021biei\"}]},{\"@type\":\"WebSite\",\"@id\":\"https:\\\/\\\/www.csbriceni.md\\\/#website\",\"url\":\"https:\\\/\\\/www.csbriceni.md\\\/\",\"name\":\"IMSP Centrul de S\u0103n\u0103tate Briceni\",\"description\":\"Bine a\u021bi venit pe pagina oficial\u0103 a Centrului de S\u0103n\u0103tate Briceni\",\"potentialAction\":[{\"@type\":\"SearchAction\",\"target\":{\"@type\":\"EntryPoint\",\"urlTemplate\":\"https:\\\/\\\/www.csbriceni.md\\\/?s={search_term_string}\"},\"query-input\":{\"@type\":\"PropertyValueSpecification\",\"valueRequired\":true,\"valueName\":\"search_term_string\"}}],\"inLanguage\":\"ro-RO\"}]}<\/script>\n<!-- \/ Yoast SEO plugin. -->","yoast_head_json":{"title":"Regulamentele Institu\u021biei - IMSP Centrul de S\u0103n\u0103tate Briceni","robots":{"index":"index","follow":"follow","max-snippet":"max-snippet:-1","max-image-preview":"max-image-preview:large","max-video-preview":"max-video-preview:-1"},"canonical":"https:\/\/www.csbriceni.md\/?page_id=233","og_locale":"ro_RO","og_type":"article","og_title":"Regulamentele Institu\u021biei - IMSP Centrul de S\u0103n\u0103tate Briceni","og_url":"https:\/\/www.csbriceni.md\/?page_id=233","og_site_name":"IMSP Centrul de S\u0103n\u0103tate Briceni","article_modified_time":"2023-07-10T12:22:25+00:00","twitter_card":"summary_large_image","schema":{"@context":"https:\/\/schema.org","@graph":[{"@type":"WebPage","@id":"https:\/\/www.csbriceni.md\/?page_id=233","url":"https:\/\/www.csbriceni.md\/?page_id=233","name":"Regulamentele Institu\u021biei - IMSP Centrul de S\u0103n\u0103tate Briceni","isPartOf":{"@id":"https:\/\/www.csbriceni.md\/#website"},"datePublished":"2021-02-03T06:50:23+00:00","dateModified":"2023-07-10T12:22:25+00:00","breadcrumb":{"@id":"https:\/\/www.csbriceni.md\/?page_id=233#breadcrumb"},"inLanguage":"ro-RO","potentialAction":[{"@type":"ReadAction","target":["https:\/\/www.csbriceni.md\/?page_id=233"]}]},{"@type":"BreadcrumbList","@id":"https:\/\/www.csbriceni.md\/?page_id=233#breadcrumb","itemListElement":[{"@type":"ListItem","position":1,"name":"Prima pagin\u0103","item":"https:\/\/www.csbriceni.md\/"},{"@type":"ListItem","position":2,"name":"Regulamentele Institu\u021biei"}]},{"@type":"WebSite","@id":"https:\/\/www.csbriceni.md\/#website","url":"https:\/\/www.csbriceni.md\/","name":"IMSP Centrul de S\u0103n\u0103tate Briceni","description":"Bine a\u021bi venit pe pagina oficial\u0103 a Centrului de S\u0103n\u0103tate Briceni","potentialAction":[{"@type":"SearchAction","target":{"@type":"EntryPoint","urlTemplate":"https:\/\/www.csbriceni.md\/?s={search_term_string}"},"query-input":{"@type":"PropertyValueSpecification","valueRequired":true,"valueName":"search_term_string"}}],"inLanguage":"ro-RO"}]}},"_links":{"self":[{"href":"https:\/\/www.csbriceni.md\/index.php?rest_route=\/wp\/v2\/pages\/233","targetHints":{"allow":["GET"]}}],"collection":[{"href":"https:\/\/www.csbriceni.md\/index.php?rest_route=\/wp\/v2\/pages"}],"about":[{"href":"https:\/\/www.csbriceni.md\/index.php?rest_route=\/wp\/v2\/types\/page"}],"author":[{"embeddable":true,"href":"https:\/\/www.csbriceni.md\/index.php?rest_route=\/wp\/v2\/users\/1"}],"replies":[{"embeddable":true,"href":"https:\/\/www.csbriceni.md\/index.php?rest_route=%2Fwp%2Fv2%2Fcomments&post=233"}],"version-history":[{"count":5,"href":"https:\/\/www.csbriceni.md\/index.php?rest_route=\/wp\/v2\/pages\/233\/revisions"}],"predecessor-version":[{"id":1798,"href":"https:\/\/www.csbriceni.md\/index.php?rest_route=\/wp\/v2\/pages\/233\/revisions\/1798"}],"wp:attachment":[{"href":"https:\/\/www.csbriceni.md\/index.php?rest_route=%2Fwp%2Fv2%2Fmedia&parent=233"}],"curies":[{"name":"wp","href":"https:\/\/api.w.org\/{rel}","templated":true}]}}