{"id":266,"date":"2021-02-03T06:55:15","date_gmt":"2021-02-03T06:55:15","guid":{"rendered":"https:\/\/csbriceni.md\/?page_id=266"},"modified":"2021-08-26T07:46:14","modified_gmt":"2021-08-26T05:46:14","slug":"satisfactia-pacientului","status":"publish","type":"page","link":"https:\/\/www.csbriceni.md\/?page_id=266","title":{"rendered":"CCSM Briceni"},"content":{"rendered":"\n<div class=\"wp-block-media-text alignwide is-stacked-on-mobile\"><figure class=\"wp-block-media-text__media\"><img decoding=\"async\" src=\"https:\/\/www.csbriceni.md\/wp-content\/uploads\/2021\/08\/ccsm-1024x1024.jpg\" alt=\"\" class=\"wp-image-886 size-full\"\/><\/figure><div class=\"wp-block-media-text__content\">\n<p class=\"has-text-align-center has-large-font-size\"><strong>Date <\/strong><\/p>\n\n\n\n<p class=\"has-text-align-center has-large-font-size\"><strong>de contact <\/strong><\/p>\n\n\n\n<p class=\"has-medium-font-size\">Tel : 024765040 <\/p>\n\n\n\n<p class=\"has-medium-font-size\"><a rel=\"noreferrer noopener\" href=\"mailto:ccsmbriceni@mail.ru\" target=\"_blank\">ccsmbriceni@mail.ru<\/a><\/p>\n\n\n\n<p><a href=\"https:\/\/www.facebook.com\/CCSM-Briceni-269791743445732\/?ref=page_internal\">https:\/\/www.facebook.com\/CCSM-Briceni-269791743445732\/?ref=page_internal<\/a><\/p>\n<\/div><\/div>\n\n\n\n<p><\/p>\n\n\n\n<p class=\"has-vivid-red-color has-vivid-green-cyan-background-color has-text-color has-background has-medium-font-size\"><strong>Despre C<\/strong>entrul Cumunitar de S\u0103n\u0103tate Mintal\u0103 Briceni<\/p>\n\n\n\n<p class=\"has-black-color has-cyan-bluish-gray-background-color has-text-color has-background has-normal-font-size\"><strong>CCSM Briceni<\/strong> reprezint\u0103 un serviciu socio-medical, care ofer\u0103 persoanelor cu probleme de s\u0103n\u0103tate mintal\u0103 asisten\u0163\u0103 \u015fi reabilitare psiho-social\u0103<\/p>\n\n\n\n<p class=\"has-vivid-red-color has-vivid-green-cyan-background-color has-text-color has-background\"><strong>MAI MULTE INFORMA\u0162II<\/strong><\/p>\n\n\n\n<p class=\"has-black-color has-cyan-bluish-gray-background-color has-text-color has-background\"><strong>CCSM<\/strong> reprezint\u0103 un serviciu socio-medical, care ofer\u0103 persoanelor cu probleme de s\u0103n\u0103tate mintal\u0103 asisten\u0163\u0103 \u015fi reabilitare psiho-social\u0103Informa\u0163ii suplimentareSCOP: Sporirea accesului popula\u0163iei generale la asisten\u0163a complex\u0103 medico-psihologic\u0103 \u00een cadrul problemelor de s\u0103n\u0103tate mintal\u0103, conform principiului. <\/p>\n\n\n\n<p><a rel=\"noreferrer noopener\" href=\"http:\/\/instagram.com\/Adresa:%20or.Briceni,%20str.%20Mihai%20Eminescu%2048?fbclid=IwAR3stflLnCGsa_L7Qnrs9Msl7Z3e7MpElpqi_HywUPhrea9K5m-X8fR8VQ0\" target=\"_blank\">Adresa: or.Briceni, str. Mihai Eminescu 48<\/a><\/p>\n","protected":false},"excerpt":{"rendered":"<p>Date de contact Tel : 024765040 ccsmbriceni@mail.ru https:\/\/www.facebook.com\/CCSM-Briceni-269791743445732\/?ref=page_internal Despre Centrul Cumunitar de S\u0103n\u0103tate Mintal\u0103 Briceni CCSM Briceni reprezint\u0103 un serviciu<\/p>\n","protected":false},"author":1,"featured_media":0,"parent":0,"menu_order":0,"comment_status":"closed","ping_status":"closed","template":"","meta":{"colormag_page_container_layout":"default_layout","colormag_page_sidebar_layout":"default_layout","pgc_sgb_lightbox_settings":"","footnotes":""},"class_list":["post-266","page","type-page","status-publish","hentry"],"yoast_head":"<!-- This site is optimized with the Yoast SEO plugin v27.2 - https:\/\/yoast.com\/product\/yoast-seo-wordpress\/ -->\n<title>CCSM Briceni - IMSP Centrul de S\u0103n\u0103tate Briceni<\/title>\n<meta name=\"robots\" content=\"index, follow, max-snippet:-1, max-image-preview:large, max-video-preview:-1\" \/>\n<link rel=\"canonical\" href=\"https:\/\/www.csbriceni.md\/?page_id=266\" \/>\n<meta property=\"og:locale\" content=\"ro_RO\" \/>\n<meta property=\"og:type\" content=\"article\" \/>\n<meta property=\"og:title\" content=\"CCSM Briceni - IMSP Centrul de S\u0103n\u0103tate Briceni\" \/>\n<meta property=\"og:description\" content=\"Date de contact Tel : 024765040 ccsmbriceni@mail.ru https:\/\/www.facebook.com\/CCSM-Briceni-269791743445732\/?ref=page_internal Despre Centrul Cumunitar de S\u0103n\u0103tate Mintal\u0103 Briceni CCSM Briceni reprezint\u0103 un serviciu\" \/>\n<meta property=\"og:url\" content=\"https:\/\/www.csbriceni.md\/?page_id=266\" \/>\n<meta property=\"og:site_name\" content=\"IMSP Centrul de S\u0103n\u0103tate Briceni\" \/>\n<meta property=\"article:modified_time\" content=\"2021-08-26T05:46:14+00:00\" \/>\n<meta property=\"og:image\" content=\"https:\/\/www.csbriceni.md\/wp-content\/uploads\/2021\/08\/ccsm-1024x1024.jpg\" \/>\n<meta name=\"twitter:card\" content=\"summary_large_image\" \/>\n<script type=\"application\/ld+json\" class=\"yoast-schema-graph\">{\"@context\":\"https:\/\/schema.org\",\"@graph\":[{\"@type\":\"WebPage\",\"@id\":\"https:\/\/www.csbriceni.md\/?page_id=266\",\"url\":\"https:\/\/www.csbriceni.md\/?page_id=266\",\"name\":\"CCSM Briceni - IMSP Centrul de S\u0103n\u0103tate Briceni\",\"isPartOf\":{\"@id\":\"https:\/\/www.csbriceni.md\/#website\"},\"primaryImageOfPage\":{\"@id\":\"https:\/\/www.csbriceni.md\/?page_id=266#primaryimage\"},\"image\":{\"@id\":\"https:\/\/www.csbriceni.md\/?page_id=266#primaryimage\"},\"thumbnailUrl\":\"https:\/\/www.csbriceni.md\/wp-content\/uploads\/2021\/08\/ccsm-1024x1024.jpg\",\"datePublished\":\"2021-02-03T06:55:15+00:00\",\"dateModified\":\"2021-08-26T05:46:14+00:00\",\"breadcrumb\":{\"@id\":\"https:\/\/www.csbriceni.md\/?page_id=266#breadcrumb\"},\"inLanguage\":\"ro-RO\",\"potentialAction\":[{\"@type\":\"ReadAction\",\"target\":[\"https:\/\/www.csbriceni.md\/?page_id=266\"]}]},{\"@type\":\"ImageObject\",\"inLanguage\":\"ro-RO\",\"@id\":\"https:\/\/www.csbriceni.md\/?page_id=266#primaryimage\",\"url\":\"\",\"contentUrl\":\"\"},{\"@type\":\"BreadcrumbList\",\"@id\":\"https:\/\/www.csbriceni.md\/?page_id=266#breadcrumb\",\"itemListElement\":[{\"@type\":\"ListItem\",\"position\":1,\"name\":\"Prima pagin\u0103\",\"item\":\"https:\/\/www.csbriceni.md\/\"},{\"@type\":\"ListItem\",\"position\":2,\"name\":\"CCSM Briceni\"}]},{\"@type\":\"WebSite\",\"@id\":\"https:\/\/www.csbriceni.md\/#website\",\"url\":\"https:\/\/www.csbriceni.md\/\",\"name\":\"IMSP Centrul de S\u0103n\u0103tate Briceni\",\"description\":\"Bine a\u021bi venit pe pagina oficial\u0103 a Centrului de S\u0103n\u0103tate Briceni\",\"potentialAction\":[{\"@type\":\"SearchAction\",\"target\":{\"@type\":\"EntryPoint\",\"urlTemplate\":\"https:\/\/www.csbriceni.md\/?s={search_term_string}\"},\"query-input\":{\"@type\":\"PropertyValueSpecification\",\"valueRequired\":true,\"valueName\":\"search_term_string\"}}],\"inLanguage\":\"ro-RO\"}]}<\/script>\n<!-- \/ Yoast SEO plugin. -->","yoast_head_json":{"title":"CCSM Briceni - IMSP Centrul de S\u0103n\u0103tate Briceni","robots":{"index":"index","follow":"follow","max-snippet":"max-snippet:-1","max-image-preview":"max-image-preview:large","max-video-preview":"max-video-preview:-1"},"canonical":"https:\/\/www.csbriceni.md\/?page_id=266","og_locale":"ro_RO","og_type":"article","og_title":"CCSM Briceni - IMSP Centrul de S\u0103n\u0103tate Briceni","og_description":"Date de contact Tel : 024765040 ccsmbriceni@mail.ru https:\/\/www.facebook.com\/CCSM-Briceni-269791743445732\/?ref=page_internal Despre Centrul Cumunitar de S\u0103n\u0103tate Mintal\u0103 Briceni CCSM Briceni reprezint\u0103 un serviciu","og_url":"https:\/\/www.csbriceni.md\/?page_id=266","og_site_name":"IMSP Centrul de S\u0103n\u0103tate Briceni","article_modified_time":"2021-08-26T05:46:14+00:00","og_image":[{"url":"https:\/\/www.csbriceni.md\/wp-content\/uploads\/2021\/08\/ccsm-1024x1024.jpg","type":"","width":"","height":""}],"twitter_card":"summary_large_image","schema":{"@context":"https:\/\/schema.org","@graph":[{"@type":"WebPage","@id":"https:\/\/www.csbriceni.md\/?page_id=266","url":"https:\/\/www.csbriceni.md\/?page_id=266","name":"CCSM Briceni - IMSP Centrul de S\u0103n\u0103tate Briceni","isPartOf":{"@id":"https:\/\/www.csbriceni.md\/#website"},"primaryImageOfPage":{"@id":"https:\/\/www.csbriceni.md\/?page_id=266#primaryimage"},"image":{"@id":"https:\/\/www.csbriceni.md\/?page_id=266#primaryimage"},"thumbnailUrl":"https:\/\/www.csbriceni.md\/wp-content\/uploads\/2021\/08\/ccsm-1024x1024.jpg","datePublished":"2021-02-03T06:55:15+00:00","dateModified":"2021-08-26T05:46:14+00:00","breadcrumb":{"@id":"https:\/\/www.csbriceni.md\/?page_id=266#breadcrumb"},"inLanguage":"ro-RO","potentialAction":[{"@type":"ReadAction","target":["https:\/\/www.csbriceni.md\/?page_id=266"]}]},{"@type":"ImageObject","inLanguage":"ro-RO","@id":"https:\/\/www.csbriceni.md\/?page_id=266#primaryimage","url":"","contentUrl":""},{"@type":"BreadcrumbList","@id":"https:\/\/www.csbriceni.md\/?page_id=266#breadcrumb","itemListElement":[{"@type":"ListItem","position":1,"name":"Prima pagin\u0103","item":"https:\/\/www.csbriceni.md\/"},{"@type":"ListItem","position":2,"name":"CCSM Briceni"}]},{"@type":"WebSite","@id":"https:\/\/www.csbriceni.md\/#website","url":"https:\/\/www.csbriceni.md\/","name":"IMSP Centrul de S\u0103n\u0103tate Briceni","description":"Bine a\u021bi venit pe pagina oficial\u0103 a Centrului de S\u0103n\u0103tate Briceni","potentialAction":[{"@type":"SearchAction","target":{"@type":"EntryPoint","urlTemplate":"https:\/\/www.csbriceni.md\/?s={search_term_string}"},"query-input":{"@type":"PropertyValueSpecification","valueRequired":true,"valueName":"search_term_string"}}],"inLanguage":"ro-RO"}]}},"_links":{"self":[{"href":"https:\/\/www.csbriceni.md\/index.php?rest_route=\/wp\/v2\/pages\/266","targetHints":{"allow":["GET"]}}],"collection":[{"href":"https:\/\/www.csbriceni.md\/index.php?rest_route=\/wp\/v2\/pages"}],"about":[{"href":"https:\/\/www.csbriceni.md\/index.php?rest_route=\/wp\/v2\/types\/page"}],"author":[{"embeddable":true,"href":"https:\/\/www.csbriceni.md\/index.php?rest_route=\/wp\/v2\/users\/1"}],"replies":[{"embeddable":true,"href":"https:\/\/www.csbriceni.md\/index.php?rest_route=%2Fwp%2Fv2%2Fcomments&post=266"}],"version-history":[{"count":9,"href":"https:\/\/www.csbriceni.md\/index.php?rest_route=\/wp\/v2\/pages\/266\/revisions"}],"predecessor-version":[{"id":892,"href":"https:\/\/www.csbriceni.md\/index.php?rest_route=\/wp\/v2\/pages\/266\/revisions\/892"}],"wp:attachment":[{"href":"https:\/\/www.csbriceni.md\/index.php?rest_route=%2Fwp%2Fv2%2Fmedia&parent=266"}],"curies":[{"name":"wp","href":"https:\/\/api.w.org\/{rel}","templated":true}]}}