{"id":272,"date":"2021-02-03T06:55:50","date_gmt":"2021-02-03T06:55:50","guid":{"rendered":"https:\/\/csbriceni.md\/?page_id=272"},"modified":"2023-07-17T12:12:59","modified_gmt":"2023-07-17T10:12:59","slug":"bugetul-institutiei","status":"publish","type":"page","link":"https:\/\/www.csbriceni.md\/?page_id=272","title":{"rendered":"Contracte CNAM"},"content":{"rendered":"\n<div class=\"wp-block-file\"><a id=\"wp-block-file--media-bea18f7f-361d-43d9-907e-8ec73c6002d0\" href=\"https:\/\/www.csbriceni.md\/wp-content\/uploads\/2023\/07\/Contract-CNAM-2023.pdf\">Contract nr. 05-08\/131 din 31 decembrie 2022<\/a><a href=\"https:\/\/www.csbriceni.md\/wp-content\/uploads\/2023\/07\/Contract-CNAM-2023.pdf\" class=\"wp-block-file__button wp-element-button\" download aria-describedby=\"wp-block-file--media-bea18f7f-361d-43d9-907e-8ec73c6002d0\">Descarc\u0103<\/a><\/div>\n\n\n\n<div class=\"wp-block-file\"><a id=\"wp-block-file--media-6d208b9e-8fc3-49b6-b22b-7510a5530248\" href=\"https:\/\/www.csbriceni.md\/wp-content\/uploads\/2023\/07\/Contract-CNAM-2022.pdf\"><a href=\"https:\/\/www.csbriceni.md\/wp-content\/uploads\/2023\/07\/Contract-CNAM-2023.pdf\">Contract nr. 05-08\/131 din 31 decembrie 202<\/a>1<\/a><a href=\"https:\/\/www.csbriceni.md\/wp-content\/uploads\/2023\/07\/Contract-CNAM-2022.pdf\" class=\"wp-block-file__button wp-element-button\" download aria-describedby=\"wp-block-file--media-6d208b9e-8fc3-49b6-b22b-7510a5530248\">Descarc\u0103<\/a><\/div>\n\n\n\n<div class=\"wp-block-file\"><a id=\"wp-block-file--media-d142bdf4-3850-4f1c-9146-52baad75e28c\" href=\"https:\/\/www.csbriceni.md\/wp-content\/uploads\/2021\/02\/Contract-nr.-05-08-131-din-31.12.2020.pdf\">Contract  nr.05-08\/131 din 31.12.2020<\/a><a href=\"https:\/\/www.csbriceni.md\/wp-content\/uploads\/2021\/02\/Contract-nr.-05-08-131-din-31.12.2020.pdf\" class=\"wp-block-file__button wp-element-button\" download aria-describedby=\"wp-block-file--media-d142bdf4-3850-4f1c-9146-52baad75e28c\">Descarc\u0103<\/a><\/div>\n\n\n\n<div class=\"wp-block-file\"><a id=\"wp-block-file--media-76693d7b-6a9d-4efa-8a1b-140129005023\" href=\"https:\/\/www.csbriceni.md\/wp-content\/uploads\/2021\/02\/Contract-nr.-05-08-131-din-31.12.2019.pdf\">Contract nr. 05-08\/131 din 31.12.2019<\/a><a href=\"https:\/\/www.csbriceni.md\/wp-content\/uploads\/2021\/02\/Contract-nr.-05-08-131-din-31.12.2019.pdf\" class=\"wp-block-file__button wp-element-button\" download aria-describedby=\"wp-block-file--media-76693d7b-6a9d-4efa-8a1b-140129005023\">Descarc\u0103<\/a><\/div>\n\n\n\n<div class=\"wp-block-file\"><a id=\"wp-block-file--media-511a9abb-7320-46bf-a3fd-53d6532c80e2\" href=\"https:\/\/www.csbriceni.md\/wp-content\/uploads\/2021\/02\/Contract-nr.-05-08-131-din-28.12.2018.pdf\">Contract nr.05-08\/131 din 28.12.2018<\/a><a href=\"https:\/\/www.csbriceni.md\/wp-content\/uploads\/2021\/02\/Contract-nr.-05-08-131-din-28.12.2018.pdf\" class=\"wp-block-file__button wp-element-button\" download aria-describedby=\"wp-block-file--media-511a9abb-7320-46bf-a3fd-53d6532c80e2\">Descarc\u0103<\/a><\/div>\n\n\n\n<p><\/p>\n","protected":false},"excerpt":{"rendered":"","protected":false},"author":1,"featured_media":0,"parent":0,"menu_order":0,"comment_status":"closed","ping_status":"closed","template":"","meta":{"colormag_page_container_layout":"default_layout","colormag_page_sidebar_layout":"default_layout","pgc_sgb_lightbox_settings":"","footnotes":""},"class_list":["post-272","page","type-page","status-publish","hentry"],"yoast_head":"<!-- This site is optimized with the Yoast SEO plugin v27.4 - https:\/\/yoast.com\/product\/yoast-seo-wordpress\/ -->\n<title>Contracte CNAM - IMSP Centrul de S\u0103n\u0103tate Briceni<\/title>\n<meta name=\"robots\" content=\"index, follow, max-snippet:-1, max-image-preview:large, max-video-preview:-1\" \/>\n<link rel=\"canonical\" href=\"https:\/\/www.csbriceni.md\/?page_id=272\" \/>\n<meta property=\"og:locale\" content=\"ro_RO\" \/>\n<meta property=\"og:type\" content=\"article\" \/>\n<meta property=\"og:title\" content=\"Contracte CNAM - IMSP Centrul de S\u0103n\u0103tate Briceni\" \/>\n<meta property=\"og:url\" content=\"https:\/\/www.csbriceni.md\/?page_id=272\" \/>\n<meta property=\"og:site_name\" content=\"IMSP Centrul de S\u0103n\u0103tate Briceni\" \/>\n<meta property=\"article:modified_time\" content=\"2023-07-17T10:12:59+00:00\" \/>\n<meta name=\"twitter:card\" content=\"summary_large_image\" \/>\n<script type=\"application\/ld+json\" class=\"yoast-schema-graph\">{\"@context\":\"https:\\\/\\\/schema.org\",\"@graph\":[{\"@type\":\"WebPage\",\"@id\":\"https:\\\/\\\/www.csbriceni.md\\\/?page_id=272\",\"url\":\"https:\\\/\\\/www.csbriceni.md\\\/?page_id=272\",\"name\":\"Contracte CNAM - IMSP Centrul de S\u0103n\u0103tate Briceni\",\"isPartOf\":{\"@id\":\"https:\\\/\\\/www.csbriceni.md\\\/#website\"},\"datePublished\":\"2021-02-03T06:55:50+00:00\",\"dateModified\":\"2023-07-17T10:12:59+00:00\",\"breadcrumb\":{\"@id\":\"https:\\\/\\\/www.csbriceni.md\\\/?page_id=272#breadcrumb\"},\"inLanguage\":\"ro-RO\",\"potentialAction\":[{\"@type\":\"ReadAction\",\"target\":[\"https:\\\/\\\/www.csbriceni.md\\\/?page_id=272\"]}]},{\"@type\":\"BreadcrumbList\",\"@id\":\"https:\\\/\\\/www.csbriceni.md\\\/?page_id=272#breadcrumb\",\"itemListElement\":[{\"@type\":\"ListItem\",\"position\":1,\"name\":\"Prima pagin\u0103\",\"item\":\"https:\\\/\\\/www.csbriceni.md\\\/\"},{\"@type\":\"ListItem\",\"position\":2,\"name\":\"Contracte CNAM\"}]},{\"@type\":\"WebSite\",\"@id\":\"https:\\\/\\\/www.csbriceni.md\\\/#website\",\"url\":\"https:\\\/\\\/www.csbriceni.md\\\/\",\"name\":\"IMSP Centrul de S\u0103n\u0103tate Briceni\",\"description\":\"Bine a\u021bi venit pe pagina oficial\u0103 a Centrului de S\u0103n\u0103tate Briceni\",\"potentialAction\":[{\"@type\":\"SearchAction\",\"target\":{\"@type\":\"EntryPoint\",\"urlTemplate\":\"https:\\\/\\\/www.csbriceni.md\\\/?s={search_term_string}\"},\"query-input\":{\"@type\":\"PropertyValueSpecification\",\"valueRequired\":true,\"valueName\":\"search_term_string\"}}],\"inLanguage\":\"ro-RO\"}]}<\/script>\n<!-- \/ Yoast SEO plugin. -->","yoast_head_json":{"title":"Contracte CNAM - IMSP Centrul de S\u0103n\u0103tate Briceni","robots":{"index":"index","follow":"follow","max-snippet":"max-snippet:-1","max-image-preview":"max-image-preview:large","max-video-preview":"max-video-preview:-1"},"canonical":"https:\/\/www.csbriceni.md\/?page_id=272","og_locale":"ro_RO","og_type":"article","og_title":"Contracte CNAM - IMSP Centrul de S\u0103n\u0103tate Briceni","og_url":"https:\/\/www.csbriceni.md\/?page_id=272","og_site_name":"IMSP Centrul de S\u0103n\u0103tate Briceni","article_modified_time":"2023-07-17T10:12:59+00:00","twitter_card":"summary_large_image","schema":{"@context":"https:\/\/schema.org","@graph":[{"@type":"WebPage","@id":"https:\/\/www.csbriceni.md\/?page_id=272","url":"https:\/\/www.csbriceni.md\/?page_id=272","name":"Contracte CNAM - IMSP Centrul de S\u0103n\u0103tate Briceni","isPartOf":{"@id":"https:\/\/www.csbriceni.md\/#website"},"datePublished":"2021-02-03T06:55:50+00:00","dateModified":"2023-07-17T10:12:59+00:00","breadcrumb":{"@id":"https:\/\/www.csbriceni.md\/?page_id=272#breadcrumb"},"inLanguage":"ro-RO","potentialAction":[{"@type":"ReadAction","target":["https:\/\/www.csbriceni.md\/?page_id=272"]}]},{"@type":"BreadcrumbList","@id":"https:\/\/www.csbriceni.md\/?page_id=272#breadcrumb","itemListElement":[{"@type":"ListItem","position":1,"name":"Prima pagin\u0103","item":"https:\/\/www.csbriceni.md\/"},{"@type":"ListItem","position":2,"name":"Contracte CNAM"}]},{"@type":"WebSite","@id":"https:\/\/www.csbriceni.md\/#website","url":"https:\/\/www.csbriceni.md\/","name":"IMSP Centrul de S\u0103n\u0103tate Briceni","description":"Bine a\u021bi venit pe pagina oficial\u0103 a Centrului de S\u0103n\u0103tate Briceni","potentialAction":[{"@type":"SearchAction","target":{"@type":"EntryPoint","urlTemplate":"https:\/\/www.csbriceni.md\/?s={search_term_string}"},"query-input":{"@type":"PropertyValueSpecification","valueRequired":true,"valueName":"search_term_string"}}],"inLanguage":"ro-RO"}]}},"_links":{"self":[{"href":"https:\/\/www.csbriceni.md\/index.php?rest_route=\/wp\/v2\/pages\/272","targetHints":{"allow":["GET"]}}],"collection":[{"href":"https:\/\/www.csbriceni.md\/index.php?rest_route=\/wp\/v2\/pages"}],"about":[{"href":"https:\/\/www.csbriceni.md\/index.php?rest_route=\/wp\/v2\/types\/page"}],"author":[{"embeddable":true,"href":"https:\/\/www.csbriceni.md\/index.php?rest_route=\/wp\/v2\/users\/1"}],"replies":[{"embeddable":true,"href":"https:\/\/www.csbriceni.md\/index.php?rest_route=%2Fwp%2Fv2%2Fcomments&post=272"}],"version-history":[{"count":8,"href":"https:\/\/www.csbriceni.md\/index.php?rest_route=\/wp\/v2\/pages\/272\/revisions"}],"predecessor-version":[{"id":1812,"href":"https:\/\/www.csbriceni.md\/index.php?rest_route=\/wp\/v2\/pages\/272\/revisions\/1812"}],"wp:attachment":[{"href":"https:\/\/www.csbriceni.md\/index.php?rest_route=%2Fwp%2Fv2%2Fmedia&parent=272"}],"curies":[{"name":"wp","href":"https:\/\/api.w.org\/{rel}","templated":true}]}}