{"id":281,"date":"2021-02-03T06:56:57","date_gmt":"2021-02-03T06:56:57","guid":{"rendered":"https:\/\/csbriceni.md\/?page_id=281"},"modified":"2023-07-10T14:19:25","modified_gmt":"2023-07-10T12:19:25","slug":"rapoarte-de-activitate","status":"publish","type":"page","link":"https:\/\/www.csbriceni.md\/?page_id=281","title":{"rendered":"Rapoarte de activitate"},"content":{"rendered":"\n<div class=\"wp-block-file\"><a id=\"wp-block-file--media-0a446184-2d5b-4ac6-b7f1-3c5f7cafb199\" href=\"https:\/\/www.csbriceni.md\/wp-content\/uploads\/2023\/07\/Statele-de-personal-ale-institutiei-si-cheltuielile-efective-pentru-remunerarea-muncii-2023.pdf\">Statele-de-personal-ale-institutiei-si-cheltuielile-efective-pentru-remunerarea-muncii-2023<\/a><a href=\"https:\/\/www.csbriceni.md\/wp-content\/uploads\/2023\/07\/Statele-de-personal-ale-institutiei-si-cheltuielile-efective-pentru-remunerarea-muncii-2023.pdf\" class=\"wp-block-file__button wp-element-button\" download aria-describedby=\"wp-block-file--media-0a446184-2d5b-4ac6-b7f1-3c5f7cafb199\">Descarc\u0103<\/a><\/div>\n\n\n\n<div class=\"wp-block-file\"><a id=\"wp-block-file--media-95fa0358-4ced-491c-b76d-27f8ae410454\" href=\"https:\/\/www.csbriceni.md\/wp-content\/uploads\/2023\/07\/Situatia-economico-financiara-IMSP-CS-Briceni-2023.pdf\">Raport financiar-IMSP-CS-Briceni-2023<\/a><a href=\"https:\/\/www.csbriceni.md\/wp-content\/uploads\/2023\/07\/Situatia-economico-financiara-IMSP-CS-Briceni-2023.pdf\" class=\"wp-block-file__button wp-element-button\" download aria-describedby=\"wp-block-file--media-95fa0358-4ced-491c-b76d-27f8ae410454\">Descarc\u0103<\/a><\/div>\n\n\n\n<div class=\"wp-block-file\"><a id=\"wp-block-file--media-e5c37595-2181-43d8-b340-b837b3da0715\" href=\"https:\/\/www.csbriceni.md\/wp-content\/uploads\/2023\/07\/CLADIRI-ANUL-2022.xls\">CLADIRI-ANUL-2022<\/a><a href=\"https:\/\/www.csbriceni.md\/wp-content\/uploads\/2023\/07\/CLADIRI-ANUL-2022.xls\" class=\"wp-block-file__button wp-element-button\" download aria-describedby=\"wp-block-file--media-e5c37595-2181-43d8-b340-b837b3da0715\">Descarc\u0103<\/a><\/div>\n\n\n\n<div class=\"wp-block-file\"><a id=\"wp-block-file--media-92d7eec8-ee7c-4033-93cc-66c6aa9ac380\" href=\"https:\/\/www.csbriceni.md\/wp-content\/uploads\/2023\/07\/CONSTRUCTII-SPECIALE-2022.xls\">CONSTRUCTII-SPECIALE-2022<\/a><a href=\"https:\/\/www.csbriceni.md\/wp-content\/uploads\/2023\/07\/CONSTRUCTII-SPECIALE-2022.xls\" class=\"wp-block-file__button wp-element-button\" download aria-describedby=\"wp-block-file--media-92d7eec8-ee7c-4033-93cc-66c6aa9ac380\">Descarc\u0103<\/a><\/div>\n\n\n\n<div class=\"wp-block-file\"><a id=\"wp-block-file--media-de18b359-b44b-498b-bfd7-0943c479ff52\" href=\"https:\/\/www.csbriceni.md\/wp-content\/uploads\/2023\/07\/MASINI-UTILAJE-SI-INSTALATII-TEHNICE-2022.xls\">MASINI-UTILAJE-SI-INSTALATII-TEHNICE-2022<\/a><a href=\"https:\/\/www.csbriceni.md\/wp-content\/uploads\/2023\/07\/MASINI-UTILAJE-SI-INSTALATII-TEHNICE-2022.xls\" class=\"wp-block-file__button wp-element-button\" download aria-describedby=\"wp-block-file--media-de18b359-b44b-498b-bfd7-0943c479ff52\">Descarc\u0103<\/a><\/div>\n\n\n\n<div class=\"wp-block-file\"><a id=\"wp-block-file--media-5f228ab9-f3cd-4954-afa4-81e07f665971\" href=\"https:\/\/www.csbriceni.md\/wp-content\/uploads\/2023\/07\/MIJLOACE-DE-TRANSPORT-2022.xls\">MIJLOACE-DE-TRANSPORT-2022<\/a><a href=\"https:\/\/www.csbriceni.md\/wp-content\/uploads\/2023\/07\/MIJLOACE-DE-TRANSPORT-2022.xls\" class=\"wp-block-file__button wp-element-button\" download aria-describedby=\"wp-block-file--media-5f228ab9-f3cd-4954-afa4-81e07f665971\">Descarc\u0103<\/a><\/div>\n\n\n\n<div class=\"wp-block-file\"><a id=\"wp-block-file--media-ed78f6a7-3b22-48aa-9820-d1b7ba57c0da\" href=\"https:\/\/www.csbriceni.md\/wp-content\/uploads\/2023\/07\/SITUATIILE-FINANCIARE-pentru-perioada-01.01.2022-31.12.2022.pdf\">Situatia-economico-financiara-a-IMSP-CS-Briceni-anul-2022<\/a><\/div>\n\n\n\n<div class=\"wp-block-file\"><a id=\"wp-block-file--media-9d93fcdb-d887-47ba-ba2c-f186013ba376\" href=\"https:\/\/www.csbriceni.md\/wp-content\/uploads\/2022\/02\/CS-Briceni-1.xlsx\">Situatia-economico-financiara-a-IMSP-CS-Briceni-anul-2021<\/a><a href=\"https:\/\/www.csbriceni.md\/wp-content\/uploads\/2022\/02\/CS-Briceni-1.xlsx\" class=\"wp-block-file__button wp-element-button\" download aria-describedby=\"wp-block-file--media-9d93fcdb-d887-47ba-ba2c-f186013ba376\">Descarc\u0103<\/a><\/div>\n\n\n\n<div class=\"wp-block-file\"><a id=\"wp-block-file--media-41dec20d-0bde-4da3-8f1a-b732b9860266\" href=\"https:\/\/www.csbriceni.md\/wp-content\/uploads\/2021\/02\/Situatia-economico-financiara-a-IMSP-CS-Briceni-anul-2020.pdf\">Situatia-economico-financiara-a-IMSP-CS-Briceni-anul-2020<\/a><a href=\"https:\/\/www.csbriceni.md\/wp-content\/uploads\/2021\/02\/Situatia-economico-financiara-a-IMSP-CS-Briceni-anul-2020.pdf\" class=\"wp-block-file__button wp-element-button\" download aria-describedby=\"wp-block-file--media-41dec20d-0bde-4da3-8f1a-b732b9860266\">Descarc\u0103<\/a><\/div>\n\n\n\n<div class=\"wp-block-file\"><a id=\"wp-block-file--media-4f2482b0-fbb9-44f8-8b03-553d5f2d2f8d\" href=\"https:\/\/www.csbriceni.md\/wp-content\/uploads\/2021\/02\/Situatia-economico-financiara-a-IMSP-CS-Briceni-anul-2019.pdf\">Situatia-economico-financiara-a-IMSP-CS-Briceni-anul-2019<\/a><a href=\"https:\/\/www.csbriceni.md\/wp-content\/uploads\/2021\/02\/Situatia-economico-financiara-a-IMSP-CS-Briceni-anul-2019.pdf\" class=\"wp-block-file__button wp-element-button\" download aria-describedby=\"wp-block-file--media-4f2482b0-fbb9-44f8-8b03-553d5f2d2f8d\">Descarc\u0103<\/a><\/div>\n\n\n\n<div class=\"wp-block-file\"><a id=\"wp-block-file--media-5f5881fb-1fed-45df-bb83-f6108b30b75a\" href=\"https:\/\/www.csbriceni.md\/wp-content\/uploads\/2021\/02\/Situatia-economico-financiara-a-IMSP-CS-Briceni-anul-2018.pdf\">Situatia-economico-financiara-a-IMSP-CS-Briceni-anul-2018<\/a><a href=\"https:\/\/www.csbriceni.md\/wp-content\/uploads\/2021\/02\/Situatia-economico-financiara-a-IMSP-CS-Briceni-anul-2018.pdf\" class=\"wp-block-file__button wp-element-button\" download aria-describedby=\"wp-block-file--media-5f5881fb-1fed-45df-bb83-f6108b30b75a\">Descarc\u0103<\/a><\/div>\n\n\n\n<div class=\"wp-block-file\"><a id=\"wp-block-file--media-3eaf0317-b273-4ba9-9797-235150d2838f\" href=\"https:\/\/www.csbriceni.md\/wp-content\/uploads\/2023\/07\/Plan-IMSP-CS-Briceni-2023.pdf\">Plan de activitate IMSP CS Briceni pe anul 2023<\/a><a href=\"https:\/\/www.csbriceni.md\/wp-content\/uploads\/2023\/07\/Plan-IMSP-CS-Briceni-2023.pdf\" class=\"wp-block-file__button wp-element-button\" download aria-describedby=\"wp-block-file--media-3eaf0317-b273-4ba9-9797-235150d2838f\">Descarc\u0103<\/a><\/div>\n\n\n\n<div class=\"wp-block-file\"><a id=\"wp-block-file--media-85a63408-d6f2-404a-92b5-81107afdd7ba\" href=\"https:\/\/www.csbriceni.md\/wp-content\/uploads\/2023\/07\/Plan-IMSP-CS-Briceni-2022.pdf\">Plan de activitate IMSP CS Briceni pe anul 2022<\/a><a href=\"https:\/\/www.csbriceni.md\/wp-content\/uploads\/2023\/07\/Plan-IMSP-CS-Briceni-2022.pdf\" class=\"wp-block-file__button wp-element-button\" download aria-describedby=\"wp-block-file--media-85a63408-d6f2-404a-92b5-81107afdd7ba\">Descarc\u0103<\/a><\/div>\n\n\n\n<div class=\"wp-block-file\"><a id=\"wp-block-file--media-cb23afd9-28c2-48d3-9800-7c24121362fa\" href=\"https:\/\/www.csbriceni.md\/wp-content\/uploads\/2021\/03\/Plan-de-activitate-IMSP-CS-Briceni-pe-anul-2020.pdf\">Plan de activitate IMSP CS Briceni pe anul 2020<\/a><a href=\"https:\/\/www.csbriceni.md\/wp-content\/uploads\/2021\/03\/Plan-de-activitate-IMSP-CS-Briceni-pe-anul-2020.pdf\" class=\"wp-block-file__button wp-element-button\" download aria-describedby=\"wp-block-file--media-cb23afd9-28c2-48d3-9800-7c24121362fa\">Descarc\u0103<\/a><\/div>\n\n\n\n<div class=\"wp-block-file\"><a id=\"wp-block-file--media-9fc7b7e3-af21-4b0e-ac80-31a57a0b9f09\" href=\"https:\/\/www.csbriceni.md\/wp-content\/uploads\/2021\/03\/Plan-de-activitate-IMSP-CS-Briceni-pe-anul-2021.pdf\">Plan de activitate IMSP CS Briceni pe anul 2021<\/a><a href=\"https:\/\/www.csbriceni.md\/wp-content\/uploads\/2021\/03\/Plan-de-activitate-IMSP-CS-Briceni-pe-anul-2021.pdf\" class=\"wp-block-file__button wp-element-button\" download aria-describedby=\"wp-block-file--media-9fc7b7e3-af21-4b0e-ac80-31a57a0b9f09\">Descarc\u0103<\/a><\/div>\n","protected":false},"excerpt":{"rendered":"","protected":false},"author":1,"featured_media":0,"parent":0,"menu_order":0,"comment_status":"closed","ping_status":"closed","template":"","meta":{"colormag_page_container_layout":"default_layout","colormag_page_sidebar_layout":"default_layout","pgc_sgb_lightbox_settings":"","footnotes":""},"class_list":["post-281","page","type-page","status-publish","hentry"],"yoast_head":"<!-- This site is optimized with the Yoast SEO plugin v27.4 - https:\/\/yoast.com\/product\/yoast-seo-wordpress\/ -->\n<title>Rapoarte de activitate - IMSP Centrul de S\u0103n\u0103tate Briceni<\/title>\n<meta name=\"robots\" content=\"index, follow, max-snippet:-1, max-image-preview:large, max-video-preview:-1\" \/>\n<link rel=\"canonical\" href=\"https:\/\/www.csbriceni.md\/?page_id=281\" \/>\n<meta property=\"og:locale\" content=\"ro_RO\" \/>\n<meta property=\"og:type\" content=\"article\" \/>\n<meta property=\"og:title\" content=\"Rapoarte de activitate - IMSP Centrul de S\u0103n\u0103tate Briceni\" \/>\n<meta property=\"og:url\" content=\"https:\/\/www.csbriceni.md\/?page_id=281\" \/>\n<meta property=\"og:site_name\" content=\"IMSP Centrul de S\u0103n\u0103tate Briceni\" \/>\n<meta property=\"article:modified_time\" content=\"2023-07-10T12:19:25+00:00\" \/>\n<meta name=\"twitter:card\" content=\"summary_large_image\" \/>\n<script type=\"application\/ld+json\" class=\"yoast-schema-graph\">{\"@context\":\"https:\\\/\\\/schema.org\",\"@graph\":[{\"@type\":\"WebPage\",\"@id\":\"https:\\\/\\\/www.csbriceni.md\\\/?page_id=281\",\"url\":\"https:\\\/\\\/www.csbriceni.md\\\/?page_id=281\",\"name\":\"Rapoarte de activitate - IMSP Centrul de S\u0103n\u0103tate Briceni\",\"isPartOf\":{\"@id\":\"https:\\\/\\\/www.csbriceni.md\\\/#website\"},\"datePublished\":\"2021-02-03T06:56:57+00:00\",\"dateModified\":\"2023-07-10T12:19:25+00:00\",\"breadcrumb\":{\"@id\":\"https:\\\/\\\/www.csbriceni.md\\\/?page_id=281#breadcrumb\"},\"inLanguage\":\"ro-RO\",\"potentialAction\":[{\"@type\":\"ReadAction\",\"target\":[\"https:\\\/\\\/www.csbriceni.md\\\/?page_id=281\"]}]},{\"@type\":\"BreadcrumbList\",\"@id\":\"https:\\\/\\\/www.csbriceni.md\\\/?page_id=281#breadcrumb\",\"itemListElement\":[{\"@type\":\"ListItem\",\"position\":1,\"name\":\"Prima pagin\u0103\",\"item\":\"https:\\\/\\\/www.csbriceni.md\\\/\"},{\"@type\":\"ListItem\",\"position\":2,\"name\":\"Rapoarte de activitate\"}]},{\"@type\":\"WebSite\",\"@id\":\"https:\\\/\\\/www.csbriceni.md\\\/#website\",\"url\":\"https:\\\/\\\/www.csbriceni.md\\\/\",\"name\":\"IMSP Centrul de S\u0103n\u0103tate Briceni\",\"description\":\"Bine a\u021bi venit pe pagina oficial\u0103 a Centrului de S\u0103n\u0103tate Briceni\",\"potentialAction\":[{\"@type\":\"SearchAction\",\"target\":{\"@type\":\"EntryPoint\",\"urlTemplate\":\"https:\\\/\\\/www.csbriceni.md\\\/?s={search_term_string}\"},\"query-input\":{\"@type\":\"PropertyValueSpecification\",\"valueRequired\":true,\"valueName\":\"search_term_string\"}}],\"inLanguage\":\"ro-RO\"}]}<\/script>\n<!-- \/ Yoast SEO plugin. -->","yoast_head_json":{"title":"Rapoarte de activitate - IMSP Centrul de S\u0103n\u0103tate Briceni","robots":{"index":"index","follow":"follow","max-snippet":"max-snippet:-1","max-image-preview":"max-image-preview:large","max-video-preview":"max-video-preview:-1"},"canonical":"https:\/\/www.csbriceni.md\/?page_id=281","og_locale":"ro_RO","og_type":"article","og_title":"Rapoarte de activitate - IMSP Centrul de S\u0103n\u0103tate Briceni","og_url":"https:\/\/www.csbriceni.md\/?page_id=281","og_site_name":"IMSP Centrul de S\u0103n\u0103tate Briceni","article_modified_time":"2023-07-10T12:19:25+00:00","twitter_card":"summary_large_image","schema":{"@context":"https:\/\/schema.org","@graph":[{"@type":"WebPage","@id":"https:\/\/www.csbriceni.md\/?page_id=281","url":"https:\/\/www.csbriceni.md\/?page_id=281","name":"Rapoarte de activitate - IMSP Centrul de S\u0103n\u0103tate Briceni","isPartOf":{"@id":"https:\/\/www.csbriceni.md\/#website"},"datePublished":"2021-02-03T06:56:57+00:00","dateModified":"2023-07-10T12:19:25+00:00","breadcrumb":{"@id":"https:\/\/www.csbriceni.md\/?page_id=281#breadcrumb"},"inLanguage":"ro-RO","potentialAction":[{"@type":"ReadAction","target":["https:\/\/www.csbriceni.md\/?page_id=281"]}]},{"@type":"BreadcrumbList","@id":"https:\/\/www.csbriceni.md\/?page_id=281#breadcrumb","itemListElement":[{"@type":"ListItem","position":1,"name":"Prima pagin\u0103","item":"https:\/\/www.csbriceni.md\/"},{"@type":"ListItem","position":2,"name":"Rapoarte de activitate"}]},{"@type":"WebSite","@id":"https:\/\/www.csbriceni.md\/#website","url":"https:\/\/www.csbriceni.md\/","name":"IMSP Centrul de S\u0103n\u0103tate Briceni","description":"Bine a\u021bi venit pe pagina oficial\u0103 a Centrului de S\u0103n\u0103tate Briceni","potentialAction":[{"@type":"SearchAction","target":{"@type":"EntryPoint","urlTemplate":"https:\/\/www.csbriceni.md\/?s={search_term_string}"},"query-input":{"@type":"PropertyValueSpecification","valueRequired":true,"valueName":"search_term_string"}}],"inLanguage":"ro-RO"}]}},"_links":{"self":[{"href":"https:\/\/www.csbriceni.md\/index.php?rest_route=\/wp\/v2\/pages\/281","targetHints":{"allow":["GET"]}}],"collection":[{"href":"https:\/\/www.csbriceni.md\/index.php?rest_route=\/wp\/v2\/pages"}],"about":[{"href":"https:\/\/www.csbriceni.md\/index.php?rest_route=\/wp\/v2\/types\/page"}],"author":[{"embeddable":true,"href":"https:\/\/www.csbriceni.md\/index.php?rest_route=\/wp\/v2\/users\/1"}],"replies":[{"embeddable":true,"href":"https:\/\/www.csbriceni.md\/index.php?rest_route=%2Fwp%2Fv2%2Fcomments&post=281"}],"version-history":[{"count":14,"href":"https:\/\/www.csbriceni.md\/index.php?rest_route=\/wp\/v2\/pages\/281\/revisions"}],"predecessor-version":[{"id":1792,"href":"https:\/\/www.csbriceni.md\/index.php?rest_route=\/wp\/v2\/pages\/281\/revisions\/1792"}],"wp:attachment":[{"href":"https:\/\/www.csbriceni.md\/index.php?rest_route=%2Fwp%2Fv2%2Fmedia&parent=281"}],"curies":[{"name":"wp","href":"https:\/\/api.w.org\/{rel}","templated":true}]}}