{"id":284,"date":"2021-02-03T06:57:16","date_gmt":"2021-02-03T06:57:16","guid":{"rendered":"https:\/\/csbriceni.md\/?page_id=284"},"modified":"2023-09-05T13:25:07","modified_gmt":"2023-09-05T11:25:07","slug":"achizitii-publice","status":"publish","type":"page","link":"https:\/\/www.csbriceni.md\/?page_id=284","title":{"rendered":"Achizi\u021bii publice"},"content":{"rendered":"\n<div class=\"wp-block-file\"><a id=\"wp-block-file--media-d89f7065-1dc8-48ca-8a46-4ed1b97c23ed\" href=\"https:\/\/www.csbriceni.md\/wp-content\/uploads\/2021\/02\/Planul-de-achizitie-2018.pdf\" target=\"_blank\" rel=\"noreferrer noopener\">Planul-de-achizitie-2018<\/a><a href=\"https:\/\/www.csbriceni.md\/wp-content\/uploads\/2021\/02\/Planul-de-achizitie-2018.pdf\" class=\"wp-block-file__button wp-element-button\" download aria-describedby=\"wp-block-file--media-d89f7065-1dc8-48ca-8a46-4ed1b97c23ed\">Descarc\u0103<\/a><\/div>\n\n\n\n<div class=\"wp-block-file\"><a id=\"wp-block-file--media-ccfa498c-2f3f-4ce9-bb21-3863514bfead\" href=\"https:\/\/www.csbriceni.md\/wp-content\/uploads\/2021\/02\/Planul-de-achizitie-2019.pdf\" target=\"_blank\" rel=\"noreferrer noopener\">Planul-de-achizitie-2019<\/a><a href=\"https:\/\/www.csbriceni.md\/wp-content\/uploads\/2021\/02\/Planul-de-achizitie-2019.pdf\" class=\"wp-block-file__button wp-element-button\" download aria-describedby=\"wp-block-file--media-ccfa498c-2f3f-4ce9-bb21-3863514bfead\">Descarc\u0103<\/a><\/div>\n\n\n\n<div class=\"wp-block-file\"><a id=\"wp-block-file--media-50262827-67b0-4d93-9ec9-60e62aec8dd3\" href=\"https:\/\/www.csbriceni.md\/wp-content\/uploads\/2021\/02\/Planul-de-achizitie-2020.pdf\" target=\"_blank\" rel=\"noreferrer noopener\">Planul-de-achizitie-2020<\/a><a href=\"https:\/\/www.csbriceni.md\/wp-content\/uploads\/2021\/02\/Planul-de-achizitie-2020.pdf\" class=\"wp-block-file__button wp-element-button\" download aria-describedby=\"wp-block-file--media-50262827-67b0-4d93-9ec9-60e62aec8dd3\">Descarc\u0103<\/a><\/div>\n\n\n\n<div class=\"wp-block-file\"><a id=\"wp-block-file--media-30ad5551-fa23-49d3-a063-77dc78437e3f\" href=\"https:\/\/www.csbriceni.md\/wp-content\/uploads\/2022\/02\/Planul-de-achizitie-2021-1.pdf\" target=\"_blank\" rel=\"noreferrer noopener\">Planul-de-achizitie-2021<\/a><a href=\"https:\/\/www.csbriceni.md\/wp-content\/uploads\/2022\/02\/Planul-de-achizitie-2021-1.pdf\" class=\"wp-block-file__button wp-element-button\" download aria-describedby=\"wp-block-file--media-30ad5551-fa23-49d3-a063-77dc78437e3f\">Descarc\u0103<\/a><\/div>\n\n\n\n<div class=\"wp-block-file\"><a id=\"wp-block-file--media-0647f1a7-cbca-4737-81a7-70e967eb243d\" href=\"https:\/\/www.csbriceni.md\/wp-content\/uploads\/2023\/09\/Planul-de-achizitie-2023-IMSP-CS-BRICENI.pdf\">Planul-de-achizitie-2023-IMSP-CS-BRICENI<\/a><a href=\"https:\/\/www.csbriceni.md\/wp-content\/uploads\/2023\/09\/Planul-de-achizitie-2023-IMSP-CS-BRICENI.pdf\" class=\"wp-block-file__button wp-element-button\" download aria-describedby=\"wp-block-file--media-0647f1a7-cbca-4737-81a7-70e967eb243d\">Descarc\u0103<\/a><\/div>\n\n\n\n<div class=\"wp-block-file\"><a id=\"wp-block-file--media-4dcf2e3a-90cb-4613-8f51-16045150ed55\" href=\"https:\/\/www.csbriceni.md\/wp-content\/uploads\/2022\/02\/Dispozitive-medicale-procurate-2021.pdf\">Dispozitive-medicale-procurate-2021<\/a><a href=\"https:\/\/www.csbriceni.md\/wp-content\/uploads\/2022\/02\/Dispozitive-medicale-procurate-2021.pdf\" class=\"wp-block-file__button wp-element-button\" download aria-describedby=\"wp-block-file--media-4dcf2e3a-90cb-4613-8f51-16045150ed55\">Descarc\u0103<\/a><\/div>\n\n\n\n<div class=\"wp-block-file\"><a id=\"wp-block-file--media-06abfef6-1a84-40f1-9759-9c073de27844\" href=\"https:\/\/www.csbriceni.md\/wp-content\/uploads\/2022\/02\/Dispozitive-medicale-Ajutor-Umanitar-2021.pdf\">Dispozitive-medicale-Ajutor-Umanitar-2021<\/a><a href=\"https:\/\/www.csbriceni.md\/wp-content\/uploads\/2022\/02\/Dispozitive-medicale-Ajutor-Umanitar-2021.pdf\" class=\"wp-block-file__button wp-element-button\" download aria-describedby=\"wp-block-file--media-06abfef6-1a84-40f1-9759-9c073de27844\">Descarc\u0103<\/a><\/div>\n\n\n\n<div class=\"wp-block-file\"><a id=\"wp-block-file--media-7ad7a5c4-5349-4b04-8c7f-225f7afb855d\" href=\"https:\/\/www.csbriceni.md\/wp-content\/uploads\/2021\/02\/Dispozitive-medicale-procurate-in-2020.docx\" target=\"_blank\" rel=\"noreferrer noopener\">Dispozitive-medicale-procurate-in-2020<\/a><a href=\"https:\/\/www.csbriceni.md\/wp-content\/uploads\/2021\/02\/Dispozitive-medicale-procurate-in-2020.docx\" class=\"wp-block-file__button wp-element-button\" download aria-describedby=\"wp-block-file--media-7ad7a5c4-5349-4b04-8c7f-225f7afb855d\">Descarc\u0103<\/a><\/div>\n\n\n\n<div class=\"wp-block-file\"><a id=\"wp-block-file--media-60fd3fae-66a0-47ce-98c5-2479eb286fe5\" href=\"https:\/\/www.csbriceni.md\/wp-content\/uploads\/2022\/02\/Echipam-de-protectie-2021.pdf\">Echipam-de-protectie-2021<\/a><a href=\"https:\/\/www.csbriceni.md\/wp-content\/uploads\/2022\/02\/Echipam-de-protectie-2021.pdf\" class=\"wp-block-file__button wp-element-button\" download aria-describedby=\"wp-block-file--media-60fd3fae-66a0-47ce-98c5-2479eb286fe5\">Descarc\u0103<\/a><\/div>\n\n\n\n<div class=\"wp-block-file\"><a id=\"wp-block-file--media-a3d31016-b3bb-45e8-af0f-711a7945c0e9\" href=\"https:\/\/www.csbriceni.md\/wp-content\/uploads\/2022\/02\/Echipam-de-protectie-primit-pe-AU-2021.pdf\">Echipam-de-protectie-primit-pe-Ajutor umanitar-2021<\/a><a href=\"https:\/\/www.csbriceni.md\/wp-content\/uploads\/2022\/02\/Echipam-de-protectie-primit-pe-AU-2021.pdf\" class=\"wp-block-file__button wp-element-button\" download aria-describedby=\"wp-block-file--media-a3d31016-b3bb-45e8-af0f-711a7945c0e9\">Descarc\u0103<\/a><\/div>\n\n\n\n<div class=\"wp-block-file\"><a id=\"wp-block-file--media-6ee65a91-f203-4e40-9ce6-9b62952dbeb9\" href=\"https:\/\/www.csbriceni.md\/wp-content\/uploads\/2021\/02\/Echipament-de-protectie-si-produse-biodistructive-procurate-in-2020.docx\" target=\"_blank\" rel=\"noreferrer noopener\">Echipament-de-protectie-si-produse-biodistructive-procurate-in-2020<\/a><a href=\"https:\/\/www.csbriceni.md\/wp-content\/uploads\/2021\/02\/Echipament-de-protectie-si-produse-biodistructive-procurate-in-2020.docx\" class=\"wp-block-file__button wp-element-button\" download aria-describedby=\"wp-block-file--media-6ee65a91-f203-4e40-9ce6-9b62952dbeb9\">Descarc\u0103<\/a><\/div>\n","protected":false},"excerpt":{"rendered":"","protected":false},"author":1,"featured_media":0,"parent":0,"menu_order":0,"comment_status":"closed","ping_status":"closed","template":"","meta":{"colormag_page_container_layout":"default_layout","colormag_page_sidebar_layout":"default_layout","pgc_sgb_lightbox_settings":"","footnotes":""},"class_list":["post-284","page","type-page","status-publish","hentry"],"yoast_head":"<!-- This site is optimized with the Yoast SEO plugin v27.4 - https:\/\/yoast.com\/product\/yoast-seo-wordpress\/ -->\n<title>Achizi\u021bii publice - IMSP Centrul de S\u0103n\u0103tate Briceni<\/title>\n<meta name=\"robots\" content=\"index, follow, max-snippet:-1, max-image-preview:large, max-video-preview:-1\" \/>\n<link rel=\"canonical\" href=\"https:\/\/www.csbriceni.md\/?page_id=284\" \/>\n<meta property=\"og:locale\" content=\"ro_RO\" \/>\n<meta property=\"og:type\" content=\"article\" \/>\n<meta property=\"og:title\" content=\"Achizi\u021bii publice - IMSP Centrul de S\u0103n\u0103tate Briceni\" \/>\n<meta property=\"og:url\" content=\"https:\/\/www.csbriceni.md\/?page_id=284\" \/>\n<meta property=\"og:site_name\" content=\"IMSP Centrul de S\u0103n\u0103tate Briceni\" \/>\n<meta property=\"article:modified_time\" content=\"2023-09-05T11:25:07+00:00\" \/>\n<meta name=\"twitter:card\" content=\"summary_large_image\" \/>\n<script type=\"application\/ld+json\" class=\"yoast-schema-graph\">{\"@context\":\"https:\\\/\\\/schema.org\",\"@graph\":[{\"@type\":\"WebPage\",\"@id\":\"https:\\\/\\\/www.csbriceni.md\\\/?page_id=284\",\"url\":\"https:\\\/\\\/www.csbriceni.md\\\/?page_id=284\",\"name\":\"Achizi\u021bii publice - IMSP Centrul de S\u0103n\u0103tate Briceni\",\"isPartOf\":{\"@id\":\"https:\\\/\\\/www.csbriceni.md\\\/#website\"},\"datePublished\":\"2021-02-03T06:57:16+00:00\",\"dateModified\":\"2023-09-05T11:25:07+00:00\",\"breadcrumb\":{\"@id\":\"https:\\\/\\\/www.csbriceni.md\\\/?page_id=284#breadcrumb\"},\"inLanguage\":\"ro-RO\",\"potentialAction\":[{\"@type\":\"ReadAction\",\"target\":[\"https:\\\/\\\/www.csbriceni.md\\\/?page_id=284\"]}]},{\"@type\":\"BreadcrumbList\",\"@id\":\"https:\\\/\\\/www.csbriceni.md\\\/?page_id=284#breadcrumb\",\"itemListElement\":[{\"@type\":\"ListItem\",\"position\":1,\"name\":\"Prima pagin\u0103\",\"item\":\"https:\\\/\\\/www.csbriceni.md\\\/\"},{\"@type\":\"ListItem\",\"position\":2,\"name\":\"Achizi\u021bii publice\"}]},{\"@type\":\"WebSite\",\"@id\":\"https:\\\/\\\/www.csbriceni.md\\\/#website\",\"url\":\"https:\\\/\\\/www.csbriceni.md\\\/\",\"name\":\"IMSP Centrul de S\u0103n\u0103tate Briceni\",\"description\":\"Bine a\u021bi venit pe pagina oficial\u0103 a Centrului de S\u0103n\u0103tate Briceni\",\"potentialAction\":[{\"@type\":\"SearchAction\",\"target\":{\"@type\":\"EntryPoint\",\"urlTemplate\":\"https:\\\/\\\/www.csbriceni.md\\\/?s={search_term_string}\"},\"query-input\":{\"@type\":\"PropertyValueSpecification\",\"valueRequired\":true,\"valueName\":\"search_term_string\"}}],\"inLanguage\":\"ro-RO\"}]}<\/script>\n<!-- \/ Yoast SEO plugin. -->","yoast_head_json":{"title":"Achizi\u021bii publice - IMSP Centrul de S\u0103n\u0103tate Briceni","robots":{"index":"index","follow":"follow","max-snippet":"max-snippet:-1","max-image-preview":"max-image-preview:large","max-video-preview":"max-video-preview:-1"},"canonical":"https:\/\/www.csbriceni.md\/?page_id=284","og_locale":"ro_RO","og_type":"article","og_title":"Achizi\u021bii publice - IMSP Centrul de S\u0103n\u0103tate Briceni","og_url":"https:\/\/www.csbriceni.md\/?page_id=284","og_site_name":"IMSP Centrul de S\u0103n\u0103tate Briceni","article_modified_time":"2023-09-05T11:25:07+00:00","twitter_card":"summary_large_image","schema":{"@context":"https:\/\/schema.org","@graph":[{"@type":"WebPage","@id":"https:\/\/www.csbriceni.md\/?page_id=284","url":"https:\/\/www.csbriceni.md\/?page_id=284","name":"Achizi\u021bii publice - IMSP Centrul de S\u0103n\u0103tate Briceni","isPartOf":{"@id":"https:\/\/www.csbriceni.md\/#website"},"datePublished":"2021-02-03T06:57:16+00:00","dateModified":"2023-09-05T11:25:07+00:00","breadcrumb":{"@id":"https:\/\/www.csbriceni.md\/?page_id=284#breadcrumb"},"inLanguage":"ro-RO","potentialAction":[{"@type":"ReadAction","target":["https:\/\/www.csbriceni.md\/?page_id=284"]}]},{"@type":"BreadcrumbList","@id":"https:\/\/www.csbriceni.md\/?page_id=284#breadcrumb","itemListElement":[{"@type":"ListItem","position":1,"name":"Prima pagin\u0103","item":"https:\/\/www.csbriceni.md\/"},{"@type":"ListItem","position":2,"name":"Achizi\u021bii publice"}]},{"@type":"WebSite","@id":"https:\/\/www.csbriceni.md\/#website","url":"https:\/\/www.csbriceni.md\/","name":"IMSP Centrul de S\u0103n\u0103tate Briceni","description":"Bine a\u021bi venit pe pagina oficial\u0103 a Centrului de S\u0103n\u0103tate Briceni","potentialAction":[{"@type":"SearchAction","target":{"@type":"EntryPoint","urlTemplate":"https:\/\/www.csbriceni.md\/?s={search_term_string}"},"query-input":{"@type":"PropertyValueSpecification","valueRequired":true,"valueName":"search_term_string"}}],"inLanguage":"ro-RO"}]}},"_links":{"self":[{"href":"https:\/\/www.csbriceni.md\/index.php?rest_route=\/wp\/v2\/pages\/284","targetHints":{"allow":["GET"]}}],"collection":[{"href":"https:\/\/www.csbriceni.md\/index.php?rest_route=\/wp\/v2\/pages"}],"about":[{"href":"https:\/\/www.csbriceni.md\/index.php?rest_route=\/wp\/v2\/types\/page"}],"author":[{"embeddable":true,"href":"https:\/\/www.csbriceni.md\/index.php?rest_route=\/wp\/v2\/users\/1"}],"replies":[{"embeddable":true,"href":"https:\/\/www.csbriceni.md\/index.php?rest_route=%2Fwp%2Fv2%2Fcomments&post=284"}],"version-history":[{"count":16,"href":"https:\/\/www.csbriceni.md\/index.php?rest_route=\/wp\/v2\/pages\/284\/revisions"}],"predecessor-version":[{"id":1818,"href":"https:\/\/www.csbriceni.md\/index.php?rest_route=\/wp\/v2\/pages\/284\/revisions\/1818"}],"wp:attachment":[{"href":"https:\/\/www.csbriceni.md\/index.php?rest_route=%2Fwp%2Fv2%2Fmedia&parent=284"}],"curies":[{"name":"wp","href":"https:\/\/api.w.org\/{rel}","templated":true}]}}