{"id":290,"date":"2021-02-03T06:58:00","date_gmt":"2021-02-03T06:58:00","guid":{"rendered":"https:\/\/csbriceni.md\/?page_id=290"},"modified":"2022-02-23T14:04:21","modified_gmt":"2022-02-23T12:04:21","slug":"galerie-foto","status":"publish","type":"page","link":"https:\/\/www.csbriceni.md\/?page_id=290","title":{"rendered":"Galerie Foto"},"content":{"rendered":"\n<p> Statutul certificatului de concediu medical\nVerificarea statutului certificatului de concediu medical  apasa linkul <a href=\"https:\/\/servicii.gov.md\/medicine\" target=\"_ blank\" rel=\"noopener\"> CAUTARE Buletin<\/a> <\/p>\n\n\n\n<p> \nVerificarea statutului certificatului de concediu medical  apasa linkul <a href=\"https:\/\/servicii.gov.md\/medicine\/\">  <img decoding=\"async\" src=\"https:\/\/www.csbriceni.md\/wp-content\/uploads\/2022\/02\/CNAS.jpg\" alt=\"Certificat Medical\"> <\/a> <\/p>\n\n\n\n<form action=\"\/\/msiter.ru\/demo_form.asp\" method=\"get\">\n   \u0418\u043c\u044f: <input type=\"text\" name=\"fname\"><br>\n   \u0424\u0430\u043c\u0438\u043b\u0438\u044f: <input type=\"text\" name=\"lname\"><br>\n   <input type=\"submit\" value=\"\u041e\u0442\u043f\u0440\u0430\u0432\u0438\u0442\u044c\"><br>\n<\/form>\n\n\n\n<form action=\"\/\/msiter.ru\/demo_form.asp\" method=\"get\">\n  \n<h2> Testul de intelegenta <\/h2>\n \n<ol> \n<p>Ce credeti despre saitul nostru? <\/p>\n <label for=\"Este foarte bun\"><input id=\"Este foarte bun\" type=\"radio\" name=\"Ce credeti despre saitul nostru?\"> Este foarte bun\n <input id=\"Este bunisor\" type=\"radio\" name=\"Ce credeti despre saitul nostru?\"> Este bunisor\n <input id=\"Este slab\" type=\"radio\" name=\"Ce credeti despre saitul nostru?\"> Este slab\n<\/label>\n<br>\n\n<p>Ce va placut mai mult ?<\/p> \n<ol> \n <label for=\"Informatiile\"><input id=\"Informatiile\" type=\"checkbox\" name=\"Ce va placut mai mult?\"> Informatiile\n <input id=\"Imaginile \" type=\"checkbox\"Ce credeti despre saitul nostru?\"> Imaginile \n <input id=\"Utilitatea \" type=\"checkbox\" name=\"Ce credeti despre saitul nostru?\"> Utilitatea \n<\/label>\n<p> <\/p>\n <\/ol>\n\n Nume: <input type=\"text\" name=\"fname\"><br>\n   Prenume: <input type=\"text\" name=\"lname\"><br>\n   <input type=\"submit\" value=\"\u041e\u0442\u043f\u0440\u0430\u0432\u0438\u0442\u044c\"><br>\n<\/form>\n","protected":false},"excerpt":{"rendered":"<p>Statutul certificatului de concediu medical Verificarea statutului certificatului de concediu medical apasa linkul CAUTARE Buletin Verificarea statutului certificatului de concediu<\/p>\n","protected":false},"author":1,"featured_media":0,"parent":0,"menu_order":0,"comment_status":"closed","ping_status":"closed","template":"","meta":{"colormag_page_container_layout":"default_layout","colormag_page_sidebar_layout":"default_layout","pgc_sgb_lightbox_settings":"","footnotes":""},"class_list":["post-290","page","type-page","status-publish","hentry"],"yoast_head":"<!-- This site is optimized with the Yoast SEO plugin v27.4 - https:\/\/yoast.com\/product\/yoast-seo-wordpress\/ -->\n<title>Galerie Foto - IMSP Centrul de S\u0103n\u0103tate Briceni<\/title>\n<meta name=\"robots\" content=\"index, follow, max-snippet:-1, max-image-preview:large, max-video-preview:-1\" \/>\n<link rel=\"canonical\" href=\"https:\/\/www.csbriceni.md\/?page_id=290\" \/>\n<meta property=\"og:locale\" content=\"ro_RO\" \/>\n<meta property=\"og:type\" content=\"article\" \/>\n<meta property=\"og:title\" content=\"Galerie Foto - IMSP Centrul de S\u0103n\u0103tate Briceni\" \/>\n<meta property=\"og:description\" content=\"Statutul certificatului de concediu medical Verificarea statutului certificatului de concediu medical apasa linkul CAUTARE Buletin Verificarea statutului certificatului de concediu\" \/>\n<meta property=\"og:url\" content=\"https:\/\/www.csbriceni.md\/?page_id=290\" \/>\n<meta property=\"og:site_name\" content=\"IMSP Centrul de S\u0103n\u0103tate Briceni\" \/>\n<meta property=\"article:modified_time\" content=\"2022-02-23T12:04:21+00:00\" \/>\n<meta property=\"og:image\" content=\"https:\/\/www.csbriceni.md\/wp-content\/uploads\/2022\/02\/CNAS.jpg\" \/>\n<meta name=\"twitter:card\" content=\"summary_large_image\" \/>\n<script type=\"application\/ld+json\" class=\"yoast-schema-graph\">{\"@context\":\"https:\\\/\\\/schema.org\",\"@graph\":[{\"@type\":\"WebPage\",\"@id\":\"https:\\\/\\\/www.csbriceni.md\\\/?page_id=290\",\"url\":\"https:\\\/\\\/www.csbriceni.md\\\/?page_id=290\",\"name\":\"Galerie Foto - IMSP Centrul de S\u0103n\u0103tate Briceni\",\"isPartOf\":{\"@id\":\"https:\\\/\\\/www.csbriceni.md\\\/#website\"},\"primaryImageOfPage\":{\"@id\":\"https:\\\/\\\/www.csbriceni.md\\\/?page_id=290#primaryimage\"},\"image\":{\"@id\":\"https:\\\/\\\/www.csbriceni.md\\\/?page_id=290#primaryimage\"},\"thumbnailUrl\":\"https:\\\/\\\/www.csbriceni.md\\\/wp-content\\\/uploads\\\/2022\\\/02\\\/CNAS.jpg\",\"datePublished\":\"2021-02-03T06:58:00+00:00\",\"dateModified\":\"2022-02-23T12:04:21+00:00\",\"breadcrumb\":{\"@id\":\"https:\\\/\\\/www.csbriceni.md\\\/?page_id=290#breadcrumb\"},\"inLanguage\":\"ro-RO\",\"potentialAction\":[{\"@type\":\"ReadAction\",\"target\":[\"https:\\\/\\\/www.csbriceni.md\\\/?page_id=290\"]}]},{\"@type\":\"ImageObject\",\"inLanguage\":\"ro-RO\",\"@id\":\"https:\\\/\\\/www.csbriceni.md\\\/?page_id=290#primaryimage\",\"url\":\"https:\\\/\\\/www.csbriceni.md\\\/wp-content\\\/uploads\\\/2022\\\/02\\\/CNAS.jpg\",\"contentUrl\":\"https:\\\/\\\/www.csbriceni.md\\\/wp-content\\\/uploads\\\/2022\\\/02\\\/CNAS.jpg\",\"width\":225,\"height\":225},{\"@type\":\"BreadcrumbList\",\"@id\":\"https:\\\/\\\/www.csbriceni.md\\\/?page_id=290#breadcrumb\",\"itemListElement\":[{\"@type\":\"ListItem\",\"position\":1,\"name\":\"Prima pagin\u0103\",\"item\":\"https:\\\/\\\/www.csbriceni.md\\\/\"},{\"@type\":\"ListItem\",\"position\":2,\"name\":\"Galerie Foto\"}]},{\"@type\":\"WebSite\",\"@id\":\"https:\\\/\\\/www.csbriceni.md\\\/#website\",\"url\":\"https:\\\/\\\/www.csbriceni.md\\\/\",\"name\":\"IMSP Centrul de S\u0103n\u0103tate Briceni\",\"description\":\"Bine a\u021bi venit pe pagina oficial\u0103 a Centrului de S\u0103n\u0103tate Briceni\",\"potentialAction\":[{\"@type\":\"SearchAction\",\"target\":{\"@type\":\"EntryPoint\",\"urlTemplate\":\"https:\\\/\\\/www.csbriceni.md\\\/?s={search_term_string}\"},\"query-input\":{\"@type\":\"PropertyValueSpecification\",\"valueRequired\":true,\"valueName\":\"search_term_string\"}}],\"inLanguage\":\"ro-RO\"}]}<\/script>\n<!-- \/ Yoast SEO plugin. -->","yoast_head_json":{"title":"Galerie Foto - IMSP Centrul de S\u0103n\u0103tate Briceni","robots":{"index":"index","follow":"follow","max-snippet":"max-snippet:-1","max-image-preview":"max-image-preview:large","max-video-preview":"max-video-preview:-1"},"canonical":"https:\/\/www.csbriceni.md\/?page_id=290","og_locale":"ro_RO","og_type":"article","og_title":"Galerie Foto - IMSP Centrul de S\u0103n\u0103tate Briceni","og_description":"Statutul certificatului de concediu medical Verificarea statutului certificatului de concediu medical apasa linkul CAUTARE Buletin Verificarea statutului certificatului de concediu","og_url":"https:\/\/www.csbriceni.md\/?page_id=290","og_site_name":"IMSP Centrul de S\u0103n\u0103tate Briceni","article_modified_time":"2022-02-23T12:04:21+00:00","og_image":[{"url":"https:\/\/www.csbriceni.md\/wp-content\/uploads\/2022\/02\/CNAS.jpg","type":"","width":"","height":""}],"twitter_card":"summary_large_image","schema":{"@context":"https:\/\/schema.org","@graph":[{"@type":"WebPage","@id":"https:\/\/www.csbriceni.md\/?page_id=290","url":"https:\/\/www.csbriceni.md\/?page_id=290","name":"Galerie Foto - IMSP Centrul de S\u0103n\u0103tate Briceni","isPartOf":{"@id":"https:\/\/www.csbriceni.md\/#website"},"primaryImageOfPage":{"@id":"https:\/\/www.csbriceni.md\/?page_id=290#primaryimage"},"image":{"@id":"https:\/\/www.csbriceni.md\/?page_id=290#primaryimage"},"thumbnailUrl":"https:\/\/www.csbriceni.md\/wp-content\/uploads\/2022\/02\/CNAS.jpg","datePublished":"2021-02-03T06:58:00+00:00","dateModified":"2022-02-23T12:04:21+00:00","breadcrumb":{"@id":"https:\/\/www.csbriceni.md\/?page_id=290#breadcrumb"},"inLanguage":"ro-RO","potentialAction":[{"@type":"ReadAction","target":["https:\/\/www.csbriceni.md\/?page_id=290"]}]},{"@type":"ImageObject","inLanguage":"ro-RO","@id":"https:\/\/www.csbriceni.md\/?page_id=290#primaryimage","url":"https:\/\/www.csbriceni.md\/wp-content\/uploads\/2022\/02\/CNAS.jpg","contentUrl":"https:\/\/www.csbriceni.md\/wp-content\/uploads\/2022\/02\/CNAS.jpg","width":225,"height":225},{"@type":"BreadcrumbList","@id":"https:\/\/www.csbriceni.md\/?page_id=290#breadcrumb","itemListElement":[{"@type":"ListItem","position":1,"name":"Prima pagin\u0103","item":"https:\/\/www.csbriceni.md\/"},{"@type":"ListItem","position":2,"name":"Galerie Foto"}]},{"@type":"WebSite","@id":"https:\/\/www.csbriceni.md\/#website","url":"https:\/\/www.csbriceni.md\/","name":"IMSP Centrul de S\u0103n\u0103tate Briceni","description":"Bine a\u021bi venit pe pagina oficial\u0103 a Centrului de S\u0103n\u0103tate Briceni","potentialAction":[{"@type":"SearchAction","target":{"@type":"EntryPoint","urlTemplate":"https:\/\/www.csbriceni.md\/?s={search_term_string}"},"query-input":{"@type":"PropertyValueSpecification","valueRequired":true,"valueName":"search_term_string"}}],"inLanguage":"ro-RO"}]}},"_links":{"self":[{"href":"https:\/\/www.csbriceni.md\/index.php?rest_route=\/wp\/v2\/pages\/290","targetHints":{"allow":["GET"]}}],"collection":[{"href":"https:\/\/www.csbriceni.md\/index.php?rest_route=\/wp\/v2\/pages"}],"about":[{"href":"https:\/\/www.csbriceni.md\/index.php?rest_route=\/wp\/v2\/types\/page"}],"author":[{"embeddable":true,"href":"https:\/\/www.csbriceni.md\/index.php?rest_route=\/wp\/v2\/users\/1"}],"replies":[{"embeddable":true,"href":"https:\/\/www.csbriceni.md\/index.php?rest_route=%2Fwp%2Fv2%2Fcomments&post=290"}],"version-history":[{"count":23,"href":"https:\/\/www.csbriceni.md\/index.php?rest_route=\/wp\/v2\/pages\/290\/revisions"}],"predecessor-version":[{"id":1471,"href":"https:\/\/www.csbriceni.md\/index.php?rest_route=\/wp\/v2\/pages\/290\/revisions\/1471"}],"wp:attachment":[{"href":"https:\/\/www.csbriceni.md\/index.php?rest_route=%2Fwp%2Fv2%2Fmedia&parent=290"}],"curies":[{"name":"wp","href":"https:\/\/api.w.org\/{rel}","templated":true}]}}