{"id":363,"date":"2021-02-03T07:21:10","date_gmt":"2021-02-03T07:21:10","guid":{"rendered":"https:\/\/csbriceni.md\/?page_id=363"},"modified":"2022-02-11T14:27:31","modified_gmt":"2022-02-11T12:27:31","slug":"despre-noi","status":"publish","type":"page","link":"https:\/\/www.csbriceni.md\/?page_id=363","title":{"rendered":"Despre noi"},"content":{"rendered":"\n<div class=\"wp-block-columns is-layout-flex wp-container-core-columns-is-layout-28f84493 wp-block-columns-is-layout-flex\">\n<div class=\"wp-block-column is-layout-flow wp-block-column-is-layout-flow\" style=\"flex-basis:100%\">\n<div class=\"wp-block-columns is-layout-flex wp-container-core-columns-is-layout-28f84493 wp-block-columns-is-layout-flex\">\n<div class=\"wp-block-column is-layout-flow wp-block-column-is-layout-flow\" style=\"flex-basis:100%\">\n<div class=\"wp-block-group alignwide is-layout-flow wp-block-group-is-layout-flow\">\n<div class=\"wp-block-columns is-layout-flex wp-container-core-columns-is-layout-28f84493 wp-block-columns-is-layout-flex\">\n<div class=\"wp-block-column is-layout-flow wp-block-column-is-layout-flow\" style=\"flex-basis:100%\">\n<div class=\"wp-block-media-text alignwide is-stacked-on-mobile\" style=\"grid-template-columns:51% auto\"><figure class=\"wp-block-media-text__media\"><img loading=\"lazy\" decoding=\"async\" width=\"711\" height=\"450\" src=\"https:\/\/www.csbriceni.md\/wp-content\/uploads\/2022\/02\/acasa.jpg\" alt=\"\" class=\"wp-image-1302 size-thumbnail\" srcset=\"https:\/\/www.csbriceni.md\/wp-content\/uploads\/2022\/02\/acasa.jpg 711w, https:\/\/www.csbriceni.md\/wp-content\/uploads\/2022\/02\/acasa-300x190.jpg 300w\" sizes=\"auto, (max-width: 711px) 100vw, 711px\" \/><\/figure><div class=\"wp-block-media-text__content\">\n<figure class=\"wp-block-table\"><table><tbody><tr><td><br><br><br><br><em><mark style=\"background-color:rgba(0, 0, 0, 0)\" class=\"has-inline-color has-black-color\"><strong>Denumirea complet\u0103: <\/strong><\/mark><\/em><br><em><mark style=\"background-color:rgba(0, 0, 0, 0)\" class=\"has-inline-color has-black-color\"><strong>Institu\u0163ia Medico-Sanitar\u0103 Public\u0103 &#8222;CENTRUL DE S\u0102N\u0102TATE BRICENI&#8221; <\/strong><\/mark><\/em><br><em><mark style=\"background-color:rgba(0, 0, 0, 0)\" class=\"has-inline-color has-black-color\"><strong>Forma juridic\u0103 de organizare: Institu\u0163ie public\u0103, <\/strong><\/mark><\/em><br><em><mark style=\"background-color:rgba(0, 0, 0, 0)\" class=\"has-inline-color has-black-color\"><strong>Data \u00eenregistr\u0103rii de stat: 12.12.2007 Modul de constituire: nou creat\u0103. <\/strong><\/mark><\/em><br><em><mark style=\"background-color:rgba(0, 0, 0, 0)\" class=\"has-inline-color has-black-color\"><strong>Sediul: MD-4701, str. Mihai Eminescu, 48, or. Briceni, Republica Moldova.<\/strong><\/mark><\/em><br><em><mark style=\"background-color:rgba(0, 0, 0, 0)\" class=\"has-inline-color has-black-color\"><strong> Obiectul principal de activitate: Practica medical\u0103<\/strong><\/mark><\/em><br><em><mark style=\"background-color:rgba(0, 0, 0, 0)\" class=\"has-inline-color has-black-color\"><strong>Alte activit\u0103\u0163i de asisten\u0163\u0103 medical\u0103<\/strong><\/mark><\/em><br><br><strong>Administrator: G\u00eencul Dumitru<\/strong><\/td><\/tr><\/tbody><\/table><\/figure>\n\n\n\n<p><\/p>\n<\/div><\/div>\n<\/div>\n<\/div>\n<\/div>\n<\/div>\n<\/div>\n<\/div>\n<\/div>\n\n\n\n<div class=\"wp-block-contact-form-7-contact-form-selector\">\n<div class=\"wpcf7 no-js\" id=\"wpcf7-f1227-o1\" lang=\"ro-RO\" dir=\"ltr\" data-wpcf7-id=\"1227\">\n<div class=\"screen-reader-response\"><p role=\"status\" aria-live=\"polite\" aria-atomic=\"true\"><\/p> <ul><\/ul><\/div>\n<form action=\"\/index.php?rest_route=%2Fwp%2Fv2%2Fpages%2F363#wpcf7-f1227-o1\" method=\"post\" class=\"wpcf7-form init\" aria-label=\"Formular de contact\" novalidate=\"novalidate\" data-status=\"init\">\n<fieldset class=\"hidden-fields-container\"><input type=\"hidden\" name=\"_wpcf7\" value=\"1227\" \/><input type=\"hidden\" name=\"_wpcf7_version\" value=\"6.1.5\" \/><input type=\"hidden\" name=\"_wpcf7_locale\" value=\"ro_RO\" \/><input type=\"hidden\" name=\"_wpcf7_unit_tag\" value=\"wpcf7-f1227-o1\" \/><input type=\"hidden\" name=\"_wpcf7_container_post\" value=\"0\" \/><input type=\"hidden\" name=\"_wpcf7_posted_data_hash\" value=\"\" \/>\n<\/fieldset>\n<p><label> Numele t\u0103u<br \/>\n<span class=\"wpcf7-form-control-wrap\" data-name=\"your-name\"><input size=\"40\" maxlength=\"400\" class=\"wpcf7-form-control wpcf7-text wpcf7-validates-as-required\" aria-required=\"true\" aria-invalid=\"false\" value=\"\" type=\"text\" name=\"your-name\" \/><\/span> <\/label>\n<\/p>\n<p><label> Emailul t\u0103u<br \/>\n<span class=\"wpcf7-form-control-wrap\" data-name=\"your-email\"><input size=\"40\" maxlength=\"400\" class=\"wpcf7-form-control wpcf7-email wpcf7-validates-as-required wpcf7-text wpcf7-validates-as-email\" aria-required=\"true\" aria-invalid=\"false\" value=\"\" type=\"email\" name=\"your-email\" \/><\/span> <\/label>\n<\/p>\n<p><label> Subiect<br \/>\n<span class=\"wpcf7-form-control-wrap\" data-name=\"your-subject\"><input size=\"40\" maxlength=\"400\" class=\"wpcf7-form-control wpcf7-text wpcf7-validates-as-required\" aria-required=\"true\" aria-invalid=\"false\" value=\"\" type=\"text\" name=\"your-subject\" \/><\/span> <\/label>\n<\/p>\n<p><label> Mesajul t\u0103u (op\u021bional)<br \/>\n<span class=\"wpcf7-form-control-wrap\" data-name=\"your-message\"><textarea cols=\"40\" rows=\"10\" maxlength=\"2000\" class=\"wpcf7-form-control wpcf7-textarea\" aria-invalid=\"false\" name=\"your-message\"><\/textarea><\/span> <\/label>\n<\/p>\n<p><input class=\"wpcf7-form-control wpcf7-submit has-spinner\" type=\"submit\" value=\"Trimite\" \/>\n<\/p><div class=\"wpcf7-response-output\" aria-hidden=\"true\"><\/div>\n<\/form>\n<\/div>\n<\/div>\n","protected":false},"excerpt":{"rendered":"<p>Denumirea complet\u0103: Institu\u0163ia Medico-Sanitar\u0103 Public\u0103 &#8222;CENTRUL DE S\u0102N\u0102TATE BRICENI&#8221; Forma juridic\u0103 de organizare: Institu\u0163ie public\u0103, Data \u00eenregistr\u0103rii de stat: 12.12.2007<\/p>\n","protected":false},"author":1,"featured_media":0,"parent":1218,"menu_order":0,"comment_status":"closed","ping_status":"closed","template":"","meta":{"colormag_page_container_layout":"default_layout","colormag_page_sidebar_layout":"default_layout","pgc_sgb_lightbox_settings":"","footnotes":""},"class_list":["post-363","page","type-page","status-publish","hentry"],"yoast_head":"<!-- This site is optimized with the Yoast SEO plugin v27.2 - https:\/\/yoast.com\/product\/yoast-seo-wordpress\/ -->\n<title>Despre noi - IMSP Centrul de S\u0103n\u0103tate Briceni<\/title>\n<meta name=\"robots\" content=\"index, follow, max-snippet:-1, max-image-preview:large, max-video-preview:-1\" \/>\n<link rel=\"canonical\" href=\"https:\/\/www.csbriceni.md\/?page_id=363\" \/>\n<meta property=\"og:locale\" content=\"ro_RO\" \/>\n<meta property=\"og:type\" content=\"article\" \/>\n<meta property=\"og:title\" content=\"Despre noi - IMSP Centrul de S\u0103n\u0103tate Briceni\" \/>\n<meta property=\"og:description\" content=\"Denumirea complet\u0103: Institu\u0163ia Medico-Sanitar\u0103 Public\u0103 &#8222;CENTRUL DE S\u0102N\u0102TATE BRICENI&#8221; Forma juridic\u0103 de organizare: Institu\u0163ie public\u0103, Data \u00eenregistr\u0103rii de stat: 12.12.2007\" \/>\n<meta property=\"og:url\" content=\"https:\/\/www.csbriceni.md\/?page_id=363\" \/>\n<meta property=\"og:site_name\" content=\"IMSP Centrul de S\u0103n\u0103tate Briceni\" \/>\n<meta property=\"article:modified_time\" content=\"2022-02-11T12:27:31+00:00\" \/>\n<meta property=\"og:image\" content=\"https:\/\/www.csbriceni.md\/wp-content\/uploads\/2022\/02\/acasa.jpg\" \/>\n<meta name=\"twitter:card\" content=\"summary_large_image\" \/>\n<script type=\"application\/ld+json\" class=\"yoast-schema-graph\">{\"@context\":\"https:\/\/schema.org\",\"@graph\":[{\"@type\":\"WebPage\",\"@id\":\"https:\/\/www.csbriceni.md\/?page_id=363\",\"url\":\"https:\/\/www.csbriceni.md\/?page_id=363\",\"name\":\"Despre noi - IMSP Centrul de S\u0103n\u0103tate Briceni\",\"isPartOf\":{\"@id\":\"https:\/\/www.csbriceni.md\/#website\"},\"primaryImageOfPage\":{\"@id\":\"https:\/\/www.csbriceni.md\/?page_id=363#primaryimage\"},\"image\":{\"@id\":\"https:\/\/www.csbriceni.md\/?page_id=363#primaryimage\"},\"thumbnailUrl\":\"https:\/\/www.csbriceni.md\/wp-content\/uploads\/2022\/02\/acasa.jpg\",\"datePublished\":\"2021-02-03T07:21:10+00:00\",\"dateModified\":\"2022-02-11T12:27:31+00:00\",\"breadcrumb\":{\"@id\":\"https:\/\/www.csbriceni.md\/?page_id=363#breadcrumb\"},\"inLanguage\":\"ro-RO\",\"potentialAction\":[{\"@type\":\"ReadAction\",\"target\":[\"https:\/\/www.csbriceni.md\/?page_id=363\"]}]},{\"@type\":\"ImageObject\",\"inLanguage\":\"ro-RO\",\"@id\":\"https:\/\/www.csbriceni.md\/?page_id=363#primaryimage\",\"url\":\"https:\/\/www.csbriceni.md\/wp-content\/uploads\/2022\/02\/acasa.jpg\",\"contentUrl\":\"https:\/\/www.csbriceni.md\/wp-content\/uploads\/2022\/02\/acasa.jpg\",\"width\":711,\"height\":450},{\"@type\":\"BreadcrumbList\",\"@id\":\"https:\/\/www.csbriceni.md\/?page_id=363#breadcrumb\",\"itemListElement\":[{\"@type\":\"ListItem\",\"position\":1,\"name\":\"Prima pagin\u0103\",\"item\":\"https:\/\/www.csbriceni.md\/\"},{\"@type\":\"ListItem\",\"position\":2,\"name\":\"Informa\u021bii de ultima ora\",\"item\":\"https:\/\/www.csbriceni.md\/?page_id=1218\"},{\"@type\":\"ListItem\",\"position\":3,\"name\":\"Despre noi\"}]},{\"@type\":\"WebSite\",\"@id\":\"https:\/\/www.csbriceni.md\/#website\",\"url\":\"https:\/\/www.csbriceni.md\/\",\"name\":\"IMSP Centrul de S\u0103n\u0103tate Briceni\",\"description\":\"Bine a\u021bi venit pe pagina oficial\u0103 a Centrului de S\u0103n\u0103tate Briceni\",\"potentialAction\":[{\"@type\":\"SearchAction\",\"target\":{\"@type\":\"EntryPoint\",\"urlTemplate\":\"https:\/\/www.csbriceni.md\/?s={search_term_string}\"},\"query-input\":{\"@type\":\"PropertyValueSpecification\",\"valueRequired\":true,\"valueName\":\"search_term_string\"}}],\"inLanguage\":\"ro-RO\"}]}<\/script>\n<!-- \/ Yoast SEO plugin. -->","yoast_head_json":{"title":"Despre noi - IMSP Centrul de S\u0103n\u0103tate Briceni","robots":{"index":"index","follow":"follow","max-snippet":"max-snippet:-1","max-image-preview":"max-image-preview:large","max-video-preview":"max-video-preview:-1"},"canonical":"https:\/\/www.csbriceni.md\/?page_id=363","og_locale":"ro_RO","og_type":"article","og_title":"Despre noi - IMSP Centrul de S\u0103n\u0103tate Briceni","og_description":"Denumirea complet\u0103: Institu\u0163ia Medico-Sanitar\u0103 Public\u0103 &#8222;CENTRUL DE S\u0102N\u0102TATE BRICENI&#8221; Forma juridic\u0103 de organizare: Institu\u0163ie public\u0103, Data \u00eenregistr\u0103rii de stat: 12.12.2007","og_url":"https:\/\/www.csbriceni.md\/?page_id=363","og_site_name":"IMSP Centrul de S\u0103n\u0103tate Briceni","article_modified_time":"2022-02-11T12:27:31+00:00","og_image":[{"url":"https:\/\/www.csbriceni.md\/wp-content\/uploads\/2022\/02\/acasa.jpg","type":"","width":"","height":""}],"twitter_card":"summary_large_image","schema":{"@context":"https:\/\/schema.org","@graph":[{"@type":"WebPage","@id":"https:\/\/www.csbriceni.md\/?page_id=363","url":"https:\/\/www.csbriceni.md\/?page_id=363","name":"Despre noi - IMSP Centrul de S\u0103n\u0103tate Briceni","isPartOf":{"@id":"https:\/\/www.csbriceni.md\/#website"},"primaryImageOfPage":{"@id":"https:\/\/www.csbriceni.md\/?page_id=363#primaryimage"},"image":{"@id":"https:\/\/www.csbriceni.md\/?page_id=363#primaryimage"},"thumbnailUrl":"https:\/\/www.csbriceni.md\/wp-content\/uploads\/2022\/02\/acasa.jpg","datePublished":"2021-02-03T07:21:10+00:00","dateModified":"2022-02-11T12:27:31+00:00","breadcrumb":{"@id":"https:\/\/www.csbriceni.md\/?page_id=363#breadcrumb"},"inLanguage":"ro-RO","potentialAction":[{"@type":"ReadAction","target":["https:\/\/www.csbriceni.md\/?page_id=363"]}]},{"@type":"ImageObject","inLanguage":"ro-RO","@id":"https:\/\/www.csbriceni.md\/?page_id=363#primaryimage","url":"https:\/\/www.csbriceni.md\/wp-content\/uploads\/2022\/02\/acasa.jpg","contentUrl":"https:\/\/www.csbriceni.md\/wp-content\/uploads\/2022\/02\/acasa.jpg","width":711,"height":450},{"@type":"BreadcrumbList","@id":"https:\/\/www.csbriceni.md\/?page_id=363#breadcrumb","itemListElement":[{"@type":"ListItem","position":1,"name":"Prima pagin\u0103","item":"https:\/\/www.csbriceni.md\/"},{"@type":"ListItem","position":2,"name":"Informa\u021bii de ultima ora","item":"https:\/\/www.csbriceni.md\/?page_id=1218"},{"@type":"ListItem","position":3,"name":"Despre noi"}]},{"@type":"WebSite","@id":"https:\/\/www.csbriceni.md\/#website","url":"https:\/\/www.csbriceni.md\/","name":"IMSP Centrul de S\u0103n\u0103tate Briceni","description":"Bine a\u021bi venit pe pagina oficial\u0103 a Centrului de S\u0103n\u0103tate Briceni","potentialAction":[{"@type":"SearchAction","target":{"@type":"EntryPoint","urlTemplate":"https:\/\/www.csbriceni.md\/?s={search_term_string}"},"query-input":{"@type":"PropertyValueSpecification","valueRequired":true,"valueName":"search_term_string"}}],"inLanguage":"ro-RO"}]}},"_links":{"self":[{"href":"https:\/\/www.csbriceni.md\/index.php?rest_route=\/wp\/v2\/pages\/363","targetHints":{"allow":["GET"]}}],"collection":[{"href":"https:\/\/www.csbriceni.md\/index.php?rest_route=\/wp\/v2\/pages"}],"about":[{"href":"https:\/\/www.csbriceni.md\/index.php?rest_route=\/wp\/v2\/types\/page"}],"author":[{"embeddable":true,"href":"https:\/\/www.csbriceni.md\/index.php?rest_route=\/wp\/v2\/users\/1"}],"replies":[{"embeddable":true,"href":"https:\/\/www.csbriceni.md\/index.php?rest_route=%2Fwp%2Fv2%2Fcomments&post=363"}],"version-history":[{"count":13,"href":"https:\/\/www.csbriceni.md\/index.php?rest_route=\/wp\/v2\/pages\/363\/revisions"}],"predecessor-version":[{"id":1306,"href":"https:\/\/www.csbriceni.md\/index.php?rest_route=\/wp\/v2\/pages\/363\/revisions\/1306"}],"up":[{"embeddable":true,"href":"https:\/\/www.csbriceni.md\/index.php?rest_route=\/wp\/v2\/pages\/1218"}],"wp:attachment":[{"href":"https:\/\/www.csbriceni.md\/index.php?rest_route=%2Fwp%2Fv2%2Fmedia&parent=363"}],"curies":[{"name":"wp","href":"https:\/\/api.w.org\/{rel}","templated":true}]}}