{"id":634,"date":"2021-02-22T21:07:32","date_gmt":"2021-02-22T19:07:32","guid":{"rendered":"https:\/\/csbriceni.md\/?page_id=634"},"modified":"2021-02-22T21:07:33","modified_gmt":"2021-02-22T19:07:33","slug":"plan-de-activitati-cspt","status":"publish","type":"page","link":"https:\/\/www.csbriceni.md\/?page_id=634","title":{"rendered":"Plan de activit\u0103\u021bi CSPT"},"content":{"rendered":"\n<div class=\"wp-block-file\"><a href=\"https:\/\/www.csbriceni.md\/wp-content\/uploads\/2021\/02\/Plan-de-activitate-CSPT-2020.pdf\">Plan-de-activitate-CSPT-2020<\/a><a href=\"https:\/\/www.csbriceni.md\/wp-content\/uploads\/2021\/02\/Plan-de-activitate-CSPT-2020.pdf\" class=\"wp-block-file__button\" download>Descarc\u0103<\/a><\/div>\n\n\n\n<div class=\"wp-block-file\"><a href=\"https:\/\/www.csbriceni.md\/wp-content\/uploads\/2021\/02\/Plan-de-activitate-CSPT-2021.pdf\">Plan-de-activitate-CSPT-2021<\/a><a href=\"https:\/\/www.csbriceni.md\/wp-content\/uploads\/2021\/02\/Plan-de-activitate-CSPT-2021.pdf\" class=\"wp-block-file__button\" download>Descarc\u0103<\/a><\/div>\n\n\n\n<p><\/p>\n","protected":false},"excerpt":{"rendered":"","protected":false},"author":1,"featured_media":0,"parent":0,"menu_order":0,"comment_status":"closed","ping_status":"closed","template":"","meta":{"colormag_page_container_layout":"default_layout","colormag_page_sidebar_layout":"default_layout","pgc_sgb_lightbox_settings":"","footnotes":""},"class_list":["post-634","page","type-page","status-publish","hentry"],"yoast_head":"<!-- This site is optimized with the Yoast SEO plugin v27.2 - https:\/\/yoast.com\/product\/yoast-seo-wordpress\/ -->\n<title>Plan de activit\u0103\u021bi CSPT - IMSP Centrul de S\u0103n\u0103tate Briceni<\/title>\n<meta name=\"robots\" content=\"index, follow, max-snippet:-1, max-image-preview:large, max-video-preview:-1\" \/>\n<link rel=\"canonical\" href=\"https:\/\/www.csbriceni.md\/?page_id=634\" \/>\n<meta property=\"og:locale\" content=\"ro_RO\" \/>\n<meta property=\"og:type\" content=\"article\" \/>\n<meta property=\"og:title\" content=\"Plan de activit\u0103\u021bi CSPT - IMSP Centrul de S\u0103n\u0103tate Briceni\" \/>\n<meta property=\"og:url\" content=\"https:\/\/www.csbriceni.md\/?page_id=634\" \/>\n<meta property=\"og:site_name\" content=\"IMSP Centrul de S\u0103n\u0103tate Briceni\" \/>\n<meta property=\"article:modified_time\" content=\"2021-02-22T19:07:33+00:00\" \/>\n<meta name=\"twitter:card\" content=\"summary_large_image\" \/>\n<script type=\"application\/ld+json\" class=\"yoast-schema-graph\">{\"@context\":\"https:\/\/schema.org\",\"@graph\":[{\"@type\":\"WebPage\",\"@id\":\"https:\/\/www.csbriceni.md\/?page_id=634\",\"url\":\"https:\/\/www.csbriceni.md\/?page_id=634\",\"name\":\"Plan de activit\u0103\u021bi CSPT - IMSP Centrul de S\u0103n\u0103tate Briceni\",\"isPartOf\":{\"@id\":\"https:\/\/www.csbriceni.md\/#website\"},\"datePublished\":\"2021-02-22T19:07:32+00:00\",\"dateModified\":\"2021-02-22T19:07:33+00:00\",\"breadcrumb\":{\"@id\":\"https:\/\/www.csbriceni.md\/?page_id=634#breadcrumb\"},\"inLanguage\":\"ro-RO\",\"potentialAction\":[{\"@type\":\"ReadAction\",\"target\":[\"https:\/\/www.csbriceni.md\/?page_id=634\"]}]},{\"@type\":\"BreadcrumbList\",\"@id\":\"https:\/\/www.csbriceni.md\/?page_id=634#breadcrumb\",\"itemListElement\":[{\"@type\":\"ListItem\",\"position\":1,\"name\":\"Prima pagin\u0103\",\"item\":\"https:\/\/www.csbriceni.md\/\"},{\"@type\":\"ListItem\",\"position\":2,\"name\":\"Plan de activit\u0103\u021bi CSPT\"}]},{\"@type\":\"WebSite\",\"@id\":\"https:\/\/www.csbriceni.md\/#website\",\"url\":\"https:\/\/www.csbriceni.md\/\",\"name\":\"IMSP Centrul de S\u0103n\u0103tate Briceni\",\"description\":\"Bine a\u021bi venit pe pagina oficial\u0103 a Centrului de S\u0103n\u0103tate Briceni\",\"potentialAction\":[{\"@type\":\"SearchAction\",\"target\":{\"@type\":\"EntryPoint\",\"urlTemplate\":\"https:\/\/www.csbriceni.md\/?s={search_term_string}\"},\"query-input\":{\"@type\":\"PropertyValueSpecification\",\"valueRequired\":true,\"valueName\":\"search_term_string\"}}],\"inLanguage\":\"ro-RO\"}]}<\/script>\n<!-- \/ Yoast SEO plugin. -->","yoast_head_json":{"title":"Plan de activit\u0103\u021bi CSPT - IMSP Centrul de S\u0103n\u0103tate Briceni","robots":{"index":"index","follow":"follow","max-snippet":"max-snippet:-1","max-image-preview":"max-image-preview:large","max-video-preview":"max-video-preview:-1"},"canonical":"https:\/\/www.csbriceni.md\/?page_id=634","og_locale":"ro_RO","og_type":"article","og_title":"Plan de activit\u0103\u021bi CSPT - IMSP Centrul de S\u0103n\u0103tate Briceni","og_url":"https:\/\/www.csbriceni.md\/?page_id=634","og_site_name":"IMSP Centrul de S\u0103n\u0103tate Briceni","article_modified_time":"2021-02-22T19:07:33+00:00","twitter_card":"summary_large_image","schema":{"@context":"https:\/\/schema.org","@graph":[{"@type":"WebPage","@id":"https:\/\/www.csbriceni.md\/?page_id=634","url":"https:\/\/www.csbriceni.md\/?page_id=634","name":"Plan de activit\u0103\u021bi CSPT - IMSP Centrul de S\u0103n\u0103tate Briceni","isPartOf":{"@id":"https:\/\/www.csbriceni.md\/#website"},"datePublished":"2021-02-22T19:07:32+00:00","dateModified":"2021-02-22T19:07:33+00:00","breadcrumb":{"@id":"https:\/\/www.csbriceni.md\/?page_id=634#breadcrumb"},"inLanguage":"ro-RO","potentialAction":[{"@type":"ReadAction","target":["https:\/\/www.csbriceni.md\/?page_id=634"]}]},{"@type":"BreadcrumbList","@id":"https:\/\/www.csbriceni.md\/?page_id=634#breadcrumb","itemListElement":[{"@type":"ListItem","position":1,"name":"Prima pagin\u0103","item":"https:\/\/www.csbriceni.md\/"},{"@type":"ListItem","position":2,"name":"Plan de activit\u0103\u021bi CSPT"}]},{"@type":"WebSite","@id":"https:\/\/www.csbriceni.md\/#website","url":"https:\/\/www.csbriceni.md\/","name":"IMSP Centrul de S\u0103n\u0103tate Briceni","description":"Bine a\u021bi venit pe pagina oficial\u0103 a Centrului de S\u0103n\u0103tate Briceni","potentialAction":[{"@type":"SearchAction","target":{"@type":"EntryPoint","urlTemplate":"https:\/\/www.csbriceni.md\/?s={search_term_string}"},"query-input":{"@type":"PropertyValueSpecification","valueRequired":true,"valueName":"search_term_string"}}],"inLanguage":"ro-RO"}]}},"_links":{"self":[{"href":"https:\/\/www.csbriceni.md\/index.php?rest_route=\/wp\/v2\/pages\/634","targetHints":{"allow":["GET"]}}],"collection":[{"href":"https:\/\/www.csbriceni.md\/index.php?rest_route=\/wp\/v2\/pages"}],"about":[{"href":"https:\/\/www.csbriceni.md\/index.php?rest_route=\/wp\/v2\/types\/page"}],"author":[{"embeddable":true,"href":"https:\/\/www.csbriceni.md\/index.php?rest_route=\/wp\/v2\/users\/1"}],"replies":[{"embeddable":true,"href":"https:\/\/www.csbriceni.md\/index.php?rest_route=%2Fwp%2Fv2%2Fcomments&post=634"}],"version-history":[{"count":1,"href":"https:\/\/www.csbriceni.md\/index.php?rest_route=\/wp\/v2\/pages\/634\/revisions"}],"predecessor-version":[{"id":636,"href":"https:\/\/www.csbriceni.md\/index.php?rest_route=\/wp\/v2\/pages\/634\/revisions\/636"}],"wp:attachment":[{"href":"https:\/\/www.csbriceni.md\/index.php?rest_route=%2Fwp%2Fv2%2Fmedia&parent=634"}],"curies":[{"name":"wp","href":"https:\/\/api.w.org\/{rel}","templated":true}]}}